{"id":243,"date":"2023-09-18T23:43:11","date_gmt":"2023-09-18T23:43:11","guid":{"rendered":"https:\/\/pacuidarte.com\/index.php\/producto\/acondicionador-solido\/"},"modified":"2025-03-30T19:02:28","modified_gmt":"2025-03-31T00:02:28","slug":"acondicionador-solido","status":"publish","type":"product","link":"https:\/\/pacuidarte.com\/index.php\/producto\/acondicionador-solido\/","title":{"rendered":"Acondicionador s\u00f3lido"},"content":{"rendered":"<p>Nuestro acondicionador s\u00f3lido esta dise\u00f1ado para dejar tu cabello suave para un cepillado sin fricci\u00f3n, \u00bflo mejor? no contamina, no esta dise\u00f1ado con BTMs y nos aseguramos que sus compuestos no contaminar\u00e1n la vida marina.<\/p>\n<p>Solo debes aplicarlo de medios a puntas, dejar reposar por 1 m\u00ednuto y procedes a enjuagar.<\/p>\n<p>Sentiras la suavidad desde su primer uso.<\/p>\n<p>Recomendaci\u00f3n seg\u00fan tipo de cabello: Para todo tipo de cabello.<\/p>\n<p><strong>Almacenamiento: <\/strong>Mantener seco entre usos. Recomendamos guardar el acondicionador Oiris en una jabonera con buen drenaje.<\/p>\n<p><strong>Contenido:<\/strong> 70g<\/p>\n","protected":false},"excerpt":{"rendered":"<p>Nuestro acondicionador s\u00f3lido esta dise\u00f1ado para dejar tu cabello suave para un cepillado sin fricci\u00f3n, \u00bflo mejor? no contamina, no esta dise\u00f1ado con BTMs y nos aseguramos que sus compuestos no contaminar\u00e1n la vida marina. Solo debes aplicarlo de medios a puntas, dejar reposar por 1 m\u00ednuto y procedes a enjuagar. Sentiras la suavidad desde [&hellip;]<\/p>\n","protected":false},"featured_media":542,"comment_status":"open","ping_status":"closed","template":"","meta":{"_joinchat":[]},"product_cat":[16,24,31],"product_tag":[68,84,82,85,83],"jetpack_sharing_enabled":true,"_links":{"self":[{"href":"https:\/\/pacuidarte.com\/index.php\/wp-json\/wp\/v2\/product\/243"}],"collection":[{"href":"https:\/\/pacuidarte.com\/index.php\/wp-json\/wp\/v2\/product"}],"about":[{"href":"https:\/\/pacuidarte.com\/index.php\/wp-json\/wp\/v2\/types\/product"}],"replies":[{"embeddable":true,"href":"https:\/\/pacuidarte.com\/index.php\/wp-json\/wp\/v2\/comments?post=243"}],"wp:featuredmedia":[{"embeddable":true,"href":"https:\/\/pacuidarte.com\/index.php\/wp-json\/wp\/v2\/media\/542"}],"wp:attachment":[{"href":"https:\/\/pacuidarte.com\/index.php\/wp-json\/wp\/v2\/media?parent=243"}],"wp:term":[{"taxonomy":"product_cat","embeddable":true,"href":"https:\/\/pacuidarte.com\/index.php\/wp-json\/wp\/v2\/product_cat?post=243"},{"taxonomy":"product_tag","embeddable":true,"href":"https:\/\/pacuidarte.com\/index.php\/wp-json\/wp\/v2\/product_tag?post=243"}],"curies":[{"name":"wp","href":"https:\/\/api.w.org\/{rel}","templated":true}]}}