{"id":242,"date":"2023-09-18T23:43:11","date_gmt":"2023-09-18T23:43:11","guid":{"rendered":"https:\/\/pacuidarte.com\/index.php\/producto\/jabon-corporal-de-menta\/"},"modified":"2025-06-15T18:03:16","modified_gmt":"2025-06-15T23:03:16","slug":"jabon-corporal-de-menta","status":"publish","type":"product","link":"https:\/\/pacuidarte.com\/index.php\/producto\/jabon-corporal-de-menta\/","title":{"rendered":"Jab\u00f3n corporal de menta"},"content":{"rendered":"<p>Todos los beneficios de los aceites de almendra, oliva, ricino y coco combinados para limpiar suavemente su piel mientras la hidratan. Adem\u00e1s de dejar la piel suave y nutrida, este jab\u00f3n evocar\u00e1 los sabores mentolados de los productos tradicionales.<\/p>\n<p><strong>Composici\u00f3n:<\/strong> Olea Europea Oil, theobroma cacao butter, Cocos nucifera oil, Prunus amygdalus dulcis oil, Ricinus communis oil, Aqua, Sodium hydroxide, Stearic acid, Bentonita, Parfum \/ fragance.<\/p>\n","protected":false},"excerpt":{"rendered":"<p>Todos los beneficios de los aceites de almendra, oliva, ricino y coco combinados para limpiar suavemente su piel mientras la hidratan. Adem\u00e1s de dejar la piel suave y nutrida, este jab\u00f3n evocar\u00e1 los sabores mentolados de los productos tradicionales. Composici\u00f3n: Olea Europea Oil, theobroma cacao butter, Cocos nucifera oil, Prunus amygdalus dulcis oil, Ricinus communis [&hellip;]<\/p>\n","protected":false},"featured_media":823,"comment_status":"open","ping_status":"closed","template":"","meta":{"_joinchat":[]},"product_cat":[20],"product_tag":[],"jetpack_sharing_enabled":true,"_links":{"self":[{"href":"https:\/\/pacuidarte.com\/index.php\/wp-json\/wp\/v2\/product\/242"}],"collection":[{"href":"https:\/\/pacuidarte.com\/index.php\/wp-json\/wp\/v2\/product"}],"about":[{"href":"https:\/\/pacuidarte.com\/index.php\/wp-json\/wp\/v2\/types\/product"}],"replies":[{"embeddable":true,"href":"https:\/\/pacuidarte.com\/index.php\/wp-json\/wp\/v2\/comments?post=242"}],"wp:featuredmedia":[{"embeddable":true,"href":"https:\/\/pacuidarte.com\/index.php\/wp-json\/wp\/v2\/media\/823"}],"wp:attachment":[{"href":"https:\/\/pacuidarte.com\/index.php\/wp-json\/wp\/v2\/media?parent=242"}],"wp:term":[{"taxonomy":"product_cat","embeddable":true,"href":"https:\/\/pacuidarte.com\/index.php\/wp-json\/wp\/v2\/product_cat?post=242"},{"taxonomy":"product_tag","embeddable":true,"href":"https:\/\/pacuidarte.com\/index.php\/wp-json\/wp\/v2\/product_tag?post=242"}],"curies":[{"name":"wp","href":"https:\/\/api.w.org\/{rel}","templated":true}]}}