{"id":240,"date":"2023-09-18T23:43:11","date_gmt":"2023-09-18T23:43:11","guid":{"rendered":"https:\/\/pacuidarte.com\/index.php\/producto\/jabon-corporal-de-jazmin\/"},"modified":"2025-06-15T18:03:16","modified_gmt":"2025-06-15T23:03:16","slug":"jabon-corporal-de-jazmin","status":"publish","type":"product","link":"https:\/\/pacuidarte.com\/index.php\/producto\/jabon-corporal-de-jazmin\/","title":{"rendered":"Jab\u00f3n corporal de Jazm\u00edn"},"content":{"rendered":"<p>En perfumer\u00eda, el jazm\u00edn es considerado como el s\u00edmbolo de la tentaci\u00f3n y la belleza. Los aromas florales de este jab\u00f3n dar\u00e1n la impresi\u00f3n de un olor dulce. Tambie\u0301n dejar\u00e1 tu piel suave y nutrida, gracias a la acci\u00f3n combinada de los diferentes aceites utilizados en su fabricaci\u00f3n.<\/p>\n<p><strong>Composici\u00f3n:<\/strong> Olea Europea Oil, theobroma cacao butter, Cocos nucifera oil, Prunus amygdalus dulcis oil, Ricinus communis oil, Aqua, Sodium hydroxide, Stearic acid, Parfum \/ fragance, Kaolin.<\/p>\n<p><strong>Contenido:\u00a0<\/strong>90 g<\/p>\n","protected":false},"excerpt":{"rendered":"<p>En perfumer\u00eda, el jazm\u00edn es considerado como el s\u00edmbolo de la tentaci\u00f3n y la belleza. Los aromas florales de este jab\u00f3n dar\u00e1n la impresi\u00f3n de un olor dulce. Tambie\u0301n dejar\u00e1 tu piel suave y nutrida, gracias a la acci\u00f3n combinada de los diferentes aceites utilizados en su fabricaci\u00f3n. Composici\u00f3n: Olea Europea Oil, theobroma cacao butter, [&hellip;]<\/p>\n","protected":false},"featured_media":537,"comment_status":"open","ping_status":"closed","template":"","meta":{"_joinchat":[]},"product_cat":[20,31],"product_tag":[],"jetpack_sharing_enabled":true,"_links":{"self":[{"href":"https:\/\/pacuidarte.com\/index.php\/wp-json\/wp\/v2\/product\/240"}],"collection":[{"href":"https:\/\/pacuidarte.com\/index.php\/wp-json\/wp\/v2\/product"}],"about":[{"href":"https:\/\/pacuidarte.com\/index.php\/wp-json\/wp\/v2\/types\/product"}],"replies":[{"embeddable":true,"href":"https:\/\/pacuidarte.com\/index.php\/wp-json\/wp\/v2\/comments?post=240"}],"wp:featuredmedia":[{"embeddable":true,"href":"https:\/\/pacuidarte.com\/index.php\/wp-json\/wp\/v2\/media\/537"}],"wp:attachment":[{"href":"https:\/\/pacuidarte.com\/index.php\/wp-json\/wp\/v2\/media?parent=240"}],"wp:term":[{"taxonomy":"product_cat","embeddable":true,"href":"https:\/\/pacuidarte.com\/index.php\/wp-json\/wp\/v2\/product_cat?post=240"},{"taxonomy":"product_tag","embeddable":true,"href":"https:\/\/pacuidarte.com\/index.php\/wp-json\/wp\/v2\/product_tag?post=240"}],"curies":[{"name":"wp","href":"https:\/\/api.w.org\/{rel}","templated":true}]}}