{"id":239,"date":"2023-09-18T23:43:11","date_gmt":"2023-09-18T23:43:11","guid":{"rendered":"https:\/\/pacuidarte.com\/index.php\/producto\/jabon-corporal-de-brisa-marina\/"},"modified":"2025-03-30T19:03:43","modified_gmt":"2025-03-31T00:03:43","slug":"jabon-corporal-de-brisa-marina","status":"publish","type":"product","link":"https:\/\/pacuidarte.com\/index.php\/producto\/jabon-corporal-de-brisa-marina\/","title":{"rendered":"Jab\u00f3n corporal de Brisa marina"},"content":{"rendered":"<p>Este jab\u00f3n le recordar\u00e1 las notas de yodo creadas por plantas naturales como el cipr\u00e9s azul, el loto y los cristales de mar. Todos los beneficios de los aceites de almendra, oliva, ricino y coco se combinan para limpiar suavemente su piel mientras la hidrata. Dejar\u00e1 su piel flexible mientras emite notas marinas que evocan vitalidad y naturaleza.<\/p>\n<p><strong>Composici\u00f3n:<\/strong> Olea Europea Oil, theobroma cacao butter, Cocos nucifera oil, Prunus amygdalus dulcis oil, Ricinus communis oil, Aqua, Sodium hydroxide, Stearic acid, Kaolin, Parfum \/ fragance.<\/p>\n<p><strong>Contenido: <\/strong>90 g<\/p>\n","protected":false},"excerpt":{"rendered":"<p>Este jab\u00f3n le recordar\u00e1 las notas de yodo creadas por plantas naturales como el cipr\u00e9s azul, el loto y los cristales de mar. Todos los beneficios de los aceites de almendra, oliva, ricino y coco se combinan para limpiar suavemente su piel mientras la hidrata. Dejar\u00e1 su piel flexible mientras emite notas marinas que evocan [&hellip;]<\/p>\n","protected":false},"featured_media":551,"comment_status":"open","ping_status":"closed","template":"","meta":{"_joinchat":[]},"product_cat":[20,31],"product_tag":[],"jetpack_sharing_enabled":true,"_links":{"self":[{"href":"https:\/\/pacuidarte.com\/index.php\/wp-json\/wp\/v2\/product\/239"}],"collection":[{"href":"https:\/\/pacuidarte.com\/index.php\/wp-json\/wp\/v2\/product"}],"about":[{"href":"https:\/\/pacuidarte.com\/index.php\/wp-json\/wp\/v2\/types\/product"}],"replies":[{"embeddable":true,"href":"https:\/\/pacuidarte.com\/index.php\/wp-json\/wp\/v2\/comments?post=239"}],"wp:featuredmedia":[{"embeddable":true,"href":"https:\/\/pacuidarte.com\/index.php\/wp-json\/wp\/v2\/media\/551"}],"wp:attachment":[{"href":"https:\/\/pacuidarte.com\/index.php\/wp-json\/wp\/v2\/media?parent=239"}],"wp:term":[{"taxonomy":"product_cat","embeddable":true,"href":"https:\/\/pacuidarte.com\/index.php\/wp-json\/wp\/v2\/product_cat?post=239"},{"taxonomy":"product_tag","embeddable":true,"href":"https:\/\/pacuidarte.com\/index.php\/wp-json\/wp\/v2\/product_tag?post=239"}],"curies":[{"name":"wp","href":"https:\/\/api.w.org\/{rel}","templated":true}]}}