{"id":238,"date":"2023-09-18T23:43:11","date_gmt":"2023-09-18T23:43:11","guid":{"rendered":"https:\/\/pacuidarte.com\/index.php\/producto\/jabon-corporal-de-bergamota\/"},"modified":"2025-03-30T19:03:35","modified_gmt":"2025-03-31T00:03:35","slug":"jabon-corporal-de-bergamota","status":"publish","type":"product","link":"https:\/\/pacuidarte.com\/index.php\/producto\/jabon-corporal-de-bergamota\/","title":{"rendered":"Jab\u00f3n corporal de Bergamota"},"content":{"rendered":"<p>Todos los beneficios de los aceites de almendra, oliva, ricino y coco combinados para limpiar suavemente tu piel mientras se hidrata.<\/p>\n<p>Dejar\u00e1 tu piel suave y nutrida con notas afrutadas y fragantes de la bergamota, un olor c\u00edtrico.<\/p>\n<p><strong>Composici\u00f3n:<\/strong> Olea Europea Oil, theobroma cacao butter, Cocos nucifera oil, Prunus amygdalus dulcis oil, Ricinus communis oil, Aqua, Sodium hydroxide, Stearic acid, Kaolin, Parfum \/ fragance<\/p>\n<p><strong>Contenido: <\/strong>90 g<\/p>\n","protected":false},"excerpt":{"rendered":"<p>Todos los beneficios de los aceites de almendra, oliva, ricino y coco combinados para limpiar suavemente tu piel mientras se hidrata. Dejar\u00e1 tu piel suave y nutrida con notas afrutadas y fragantes de la bergamota, un olor c\u00edtrico. Composici\u00f3n: Olea Europea Oil, theobroma cacao butter, Cocos nucifera oil, Prunus amygdalus dulcis oil, Ricinus communis oil, [&hellip;]<\/p>\n","protected":false},"featured_media":555,"comment_status":"open","ping_status":"closed","template":"","meta":{"_joinchat":[]},"product_cat":[20,31],"product_tag":[],"jetpack_sharing_enabled":true,"_links":{"self":[{"href":"https:\/\/pacuidarte.com\/index.php\/wp-json\/wp\/v2\/product\/238"}],"collection":[{"href":"https:\/\/pacuidarte.com\/index.php\/wp-json\/wp\/v2\/product"}],"about":[{"href":"https:\/\/pacuidarte.com\/index.php\/wp-json\/wp\/v2\/types\/product"}],"replies":[{"embeddable":true,"href":"https:\/\/pacuidarte.com\/index.php\/wp-json\/wp\/v2\/comments?post=238"}],"wp:featuredmedia":[{"embeddable":true,"href":"https:\/\/pacuidarte.com\/index.php\/wp-json\/wp\/v2\/media\/555"}],"wp:attachment":[{"href":"https:\/\/pacuidarte.com\/index.php\/wp-json\/wp\/v2\/media?parent=238"}],"wp:term":[{"taxonomy":"product_cat","embeddable":true,"href":"https:\/\/pacuidarte.com\/index.php\/wp-json\/wp\/v2\/product_cat?post=238"},{"taxonomy":"product_tag","embeddable":true,"href":"https:\/\/pacuidarte.com\/index.php\/wp-json\/wp\/v2\/product_tag?post=238"}],"curies":[{"name":"wp","href":"https:\/\/api.w.org\/{rel}","templated":true}]}}