{"id":236,"date":"2023-09-18T23:43:11","date_gmt":"2023-09-18T23:43:11","guid":{"rendered":"https:\/\/pacuidarte.com\/index.php\/producto\/desodorante-solido\/"},"modified":"2025-11-22T18:43:07","modified_gmt":"2025-11-22T23:43:07","slug":"desodorante-solido","status":"publish","type":"product","link":"https:\/\/pacuidarte.com\/index.php\/producto\/desodorante-solido\/","title":{"rendered":"Desodorante s\u00f3lido"},"content":{"rendered":"<p class=\"p1\">Nuestro desodorante 100% natural contiene leche de magnesia que neutraliza los \u00e1cidos carbox\u00edlicos que componen el sudor. Este desodorante tambi\u00e9n contiene aceite esencial de Palmarosa y bicarbonato que ayudan a destruir las bacterias causantes de los olores.<\/p>\n<p class=\"p1\"><strong>Nuestro desodorante no est\u00e1 dise\u00f1ado para bloquear la transpiraci\u00f3n, sino para hacerla inodora.<\/strong><\/p>\n<p class=\"p1\">Y como beneficio a\u00f1adido, el aceite de coco y la manteca de cacao ayudan a nutrir la piel. La manteca de cacao da la consistencia s\u00f3lida a este desodorante gracias a su alta concentraci\u00f3n de \u00e1cido este\u00e1rico.<\/p>\n<p class=\"p2\"><b>Ingredientes 100% Naturales:\u00a0<\/b><i>Cocos nucifera oil, Magnesium milk, Baking soda, Kaolin, Palmarosa oil, Theobroma cacao butter<\/i><\/p>\n<p class=\"p2\"><b>PRECAUCIONES para el uso del aceite esencial de Palmarosa:\u00a0<\/b><em>Consulta con un m\u00e9dico si puede ser usado por mujeres en estado de embarazo, en ni\u00f1os, en beb\u00e9s o por personas con asma.<\/em><\/p>\n<p class=\"p2\"><b>COMPONENTES ALERG\u00c9NICOS:<\/b><\/p>\n<ul>\n<li class=\"p1\">Geraniol (hasta el 80%)<\/li>\n<li class=\"p1\">Linalool (\u2264 4%)<\/li>\n<li class=\"p1\">Neral + directivo (\u2264 2%)<\/li>\n<li class=\"p1\">Trans trans farnesol (\u2264 2%) &#8211; limonene (\u2264 1%)<\/li>\n<li class=\"p1\">Eugenol (\u2264 0,2%)<\/li>\n<li class=\"p1\">Citronellol (\u2264 0.05%)<\/li>\n<\/ul>\n<p>Recomendamos repetir la aplicaci\u00f3n una segunda vez, es decir, aplicarlo dos veces al d\u00eda en personas con sudoraci\u00f3n fuerte.<\/p>\n","protected":false},"excerpt":{"rendered":"<p>Nuestro desodorante 100% natural contiene leche de magnesia que neutraliza los \u00e1cidos carbox\u00edlicos que componen el sudor. Este desodorante tambi\u00e9n contiene aceite esencial de Palmarosa y bicarbonato que ayudan a destruir las bacterias causantes de los olores. Nuestro desodorante no est\u00e1 dise\u00f1ado para bloquear la transpiraci\u00f3n, sino para hacerla inodora. Y como beneficio a\u00f1adido, el [&hellip;]<\/p>\n","protected":false},"featured_media":561,"comment_status":"open","ping_status":"closed","template":"","meta":{"_joinchat":[]},"product_cat":[20,31],"product_tag":[179,193,112,195,194,99,131,192],"jetpack_sharing_enabled":true,"_links":{"self":[{"href":"https:\/\/pacuidarte.com\/index.php\/wp-json\/wp\/v2\/product\/236"}],"collection":[{"href":"https:\/\/pacuidarte.com\/index.php\/wp-json\/wp\/v2\/product"}],"about":[{"href":"https:\/\/pacuidarte.com\/index.php\/wp-json\/wp\/v2\/types\/product"}],"replies":[{"embeddable":true,"href":"https:\/\/pacuidarte.com\/index.php\/wp-json\/wp\/v2\/comments?post=236"}],"wp:featuredmedia":[{"embeddable":true,"href":"https:\/\/pacuidarte.com\/index.php\/wp-json\/wp\/v2\/media\/561"}],"wp:attachment":[{"href":"https:\/\/pacuidarte.com\/index.php\/wp-json\/wp\/v2\/media?parent=236"}],"wp:term":[{"taxonomy":"product_cat","embeddable":true,"href":"https:\/\/pacuidarte.com\/index.php\/wp-json\/wp\/v2\/product_cat?post=236"},{"taxonomy":"product_tag","embeddable":true,"href":"https:\/\/pacuidarte.com\/index.php\/wp-json\/wp\/v2\/product_tag?post=236"}],"curies":[{"name":"wp","href":"https:\/\/api.w.org\/{rel}","templated":true}]}}