{"id":2353,"date":"2025-01-17T14:54:51","date_gmt":"2025-01-17T19:54:51","guid":{"rendered":"https:\/\/pacuidarte.com\/?post_type=product&#038;p=2353"},"modified":"2025-01-17T14:54:51","modified_gmt":"2025-01-17T19:54:51","slug":"protector-solar-fps-20","status":"publish","type":"product","link":"https:\/\/pacuidarte.com\/index.php\/producto\/protector-solar-fps-20\/","title":{"rendered":"Protector solar FPS 20"},"content":{"rendered":"<p>Protege tu piel de los da\u00f1os ocasionados por los rayos solares. FPS 20. Repetir la aplicaci\u00f3n despu\u00e9s de nadar o sudar en exceso. Formulado con ingredientes naturales y 100% biodegradables.<\/p>\n<p><strong>Ingredientes<\/strong>: Aceites vegetales de coco, ajonjol\u00ed, manteca de cacao, cera de abejas, \u00f3xido de zinc, aceites esenciales puros y org\u00e1nicos de lavanda, menta y zanahoria.<\/p>\n<p><strong>Contenido<\/strong>: 50gr<\/p>\n","protected":false},"excerpt":{"rendered":"<p>Protege tu piel de los da\u00f1os ocasionados por los rayos solares. FPS 20. Repetir la aplicaci\u00f3n despu\u00e9s de nadar o sudar en exceso. Formulado con ingredientes naturales y 100% biodegradables. Ingredientes: Aceites vegetales de coco, ajonjol\u00ed, manteca de cacao, cera de abejas, \u00f3xido de zinc, aceites esenciales puros y org\u00e1nicos de lavanda, menta y zanahoria. [&hellip;]<\/p>\n","protected":false},"featured_media":2355,"comment_status":"open","ping_status":"closed","template":"","meta":{"_joinchat":[]},"product_cat":[18,32,17,27,24],"product_tag":[111,304,192],"jetpack_sharing_enabled":true,"_links":{"self":[{"href":"https:\/\/pacuidarte.com\/index.php\/wp-json\/wp\/v2\/product\/2353"}],"collection":[{"href":"https:\/\/pacuidarte.com\/index.php\/wp-json\/wp\/v2\/product"}],"about":[{"href":"https:\/\/pacuidarte.com\/index.php\/wp-json\/wp\/v2\/types\/product"}],"replies":[{"embeddable":true,"href":"https:\/\/pacuidarte.com\/index.php\/wp-json\/wp\/v2\/comments?post=2353"}],"wp:featuredmedia":[{"embeddable":true,"href":"https:\/\/pacuidarte.com\/index.php\/wp-json\/wp\/v2\/media\/2355"}],"wp:attachment":[{"href":"https:\/\/pacuidarte.com\/index.php\/wp-json\/wp\/v2\/media?parent=2353"}],"wp:term":[{"taxonomy":"product_cat","embeddable":true,"href":"https:\/\/pacuidarte.com\/index.php\/wp-json\/wp\/v2\/product_cat?post=2353"},{"taxonomy":"product_tag","embeddable":true,"href":"https:\/\/pacuidarte.com\/index.php\/wp-json\/wp\/v2\/product_tag?post=2353"}],"curies":[{"name":"wp","href":"https:\/\/api.w.org\/{rel}","templated":true}]}}