{"id":235,"date":"2023-09-18T23:43:11","date_gmt":"2023-09-18T23:43:11","guid":{"rendered":"https:\/\/pacuidarte.com\/index.php\/producto\/seda-dental-biodegradable\/"},"modified":"2024-09-25T11:47:00","modified_gmt":"2024-09-25T16:47:00","slug":"seda-dental-biodegradable","status":"publish","type":"product","link":"https:\/\/pacuidarte.com\/index.php\/producto\/seda-dental-biodegradable\/","title":{"rendered":"Seda dental biodegradable"},"content":{"rendered":"<p>Esta maravillosa seda dental ser\u00e1 tu mejor aliada si deseas tener un consumo m\u00e1s amigable con el medio ambiente, pues est\u00e1 elaborada con seda natural de morera, recubierta con cera candelilla y sabor natural a menta. Por lo anterior, es una seda que puedes compostar o depositarla en los residuos org\u00e1nicos.<\/p>\n<p>\u00a1El envase de vidrio es recargable!<\/p>\n<p><strong>Contenido:<\/strong> 30 m<\/p>\n","protected":false},"excerpt":{"rendered":"<p>Esta maravillosa seda dental ser\u00e1 tu mejor aliada si deseas tener un consumo m\u00e1s amigable con el medio ambiente, pues est\u00e1 elaborada con seda natural de morera, recubierta con cera candelilla y sabor natural a menta. Por lo anterior, es una seda que puedes compostar o depositarla en los residuos org\u00e1nicos. \u00a1El envase de vidrio [&hellip;]<\/p>\n","protected":false},"featured_media":565,"comment_status":"open","ping_status":"closed","template":"","meta":{"_joinchat":[]},"product_cat":[21,31],"product_tag":[],"jetpack_sharing_enabled":true,"_links":{"self":[{"href":"https:\/\/pacuidarte.com\/index.php\/wp-json\/wp\/v2\/product\/235"}],"collection":[{"href":"https:\/\/pacuidarte.com\/index.php\/wp-json\/wp\/v2\/product"}],"about":[{"href":"https:\/\/pacuidarte.com\/index.php\/wp-json\/wp\/v2\/types\/product"}],"replies":[{"embeddable":true,"href":"https:\/\/pacuidarte.com\/index.php\/wp-json\/wp\/v2\/comments?post=235"}],"wp:featuredmedia":[{"embeddable":true,"href":"https:\/\/pacuidarte.com\/index.php\/wp-json\/wp\/v2\/media\/565"}],"wp:attachment":[{"href":"https:\/\/pacuidarte.com\/index.php\/wp-json\/wp\/v2\/media?parent=235"}],"wp:term":[{"taxonomy":"product_cat","embeddable":true,"href":"https:\/\/pacuidarte.com\/index.php\/wp-json\/wp\/v2\/product_cat?post=235"},{"taxonomy":"product_tag","embeddable":true,"href":"https:\/\/pacuidarte.com\/index.php\/wp-json\/wp\/v2\/product_tag?post=235"}],"curies":[{"name":"wp","href":"https:\/\/api.w.org\/{rel}","templated":true}]}}