{"id":234,"date":"2023-09-18T23:43:11","date_gmt":"2023-09-18T23:43:11","guid":{"rendered":"https:\/\/pacuidarte.com\/index.php\/producto\/mini-tratamiento-chocolate-dulce-y-macadamia\/"},"modified":"2025-04-17T19:26:56","modified_gmt":"2025-04-18T00:26:56","slug":"mini-tratamiento-chocolate-dulce-y-macadamia","status":"publish","type":"product","link":"https:\/\/pacuidarte.com\/index.php\/producto\/mini-tratamiento-chocolate-dulce-y-macadamia\/","title":{"rendered":"Mini Tratamiento chocolate dulce y macadamia"},"content":{"rendered":"<p>Esta mini versi\u00f3n del tratamiento chocolate dulce y macadamia fue dise\u00f1ada para aquellas personas que quieren probar nuestro producto y para quienes son unas almas viajeras, para que as\u00ed puedan seguir cuidando sus cabellos mientras recorren el mundo.<\/p>\n<p>El tratamiento capilar de Chocolate dulce y Macadamia es la nutrici\u00f3n esencial para el cabello <strong>seco y quebradizo.<\/strong><br \/>\nUn tratamiento completo a base extracto de chocolate dulce que es un excelente antioxidante, macadamia, keratina, Omega 3 y amino\u00e1cidos que brindan nutrici\u00f3n e hidrataci\u00f3n, recuperando as\u00ed la salud del cabello.<\/p>\n<p><strong>Contenido:<\/strong> 60 ml<\/p>\n","protected":false},"excerpt":{"rendered":"<p>Esta mini versi\u00f3n del tratamiento chocolate dulce y macadamia fue dise\u00f1ada para aquellas personas que quieren probar nuestro producto y para quienes son unas almas viajeras, para que as\u00ed puedan seguir cuidando sus cabellos mientras recorren el mundo. El tratamiento capilar de Chocolate dulce y Macadamia es la nutrici\u00f3n esencial para el cabello seco y [&hellip;]<\/p>\n","protected":false},"featured_media":520,"comment_status":"open","ping_status":"closed","template":"","meta":{"_joinchat":[]},"product_cat":[16],"product_tag":[124,225,123,57,58,226],"jetpack_sharing_enabled":true,"_links":{"self":[{"href":"https:\/\/pacuidarte.com\/index.php\/wp-json\/wp\/v2\/product\/234"}],"collection":[{"href":"https:\/\/pacuidarte.com\/index.php\/wp-json\/wp\/v2\/product"}],"about":[{"href":"https:\/\/pacuidarte.com\/index.php\/wp-json\/wp\/v2\/types\/product"}],"replies":[{"embeddable":true,"href":"https:\/\/pacuidarte.com\/index.php\/wp-json\/wp\/v2\/comments?post=234"}],"wp:featuredmedia":[{"embeddable":true,"href":"https:\/\/pacuidarte.com\/index.php\/wp-json\/wp\/v2\/media\/520"}],"wp:attachment":[{"href":"https:\/\/pacuidarte.com\/index.php\/wp-json\/wp\/v2\/media?parent=234"}],"wp:term":[{"taxonomy":"product_cat","embeddable":true,"href":"https:\/\/pacuidarte.com\/index.php\/wp-json\/wp\/v2\/product_cat?post=234"},{"taxonomy":"product_tag","embeddable":true,"href":"https:\/\/pacuidarte.com\/index.php\/wp-json\/wp\/v2\/product_tag?post=234"}],"curies":[{"name":"wp","href":"https:\/\/api.w.org\/{rel}","templated":true}]}}