{"id":233,"date":"2023-09-18T23:43:11","date_gmt":"2023-09-18T23:43:11","guid":{"rendered":"https:\/\/pacuidarte.com\/index.php\/producto\/mini-tratamiento-bomba-de-crecimiento\/"},"modified":"2025-04-18T14:45:37","modified_gmt":"2025-04-18T19:45:37","slug":"mini-tratamiento-bomba-de-crecimiento","status":"publish","type":"product","link":"https:\/\/pacuidarte.com\/index.php\/producto\/mini-tratamiento-bomba-de-crecimiento\/","title":{"rendered":"Mini Terapia intensiva bomba de crecimiento"},"content":{"rendered":"<p>Esta mini versi\u00f3n del tratamiento Terapia intensiva bomba de crecimiento fue dise\u00f1ada para aquellas personas que quieren probar nuestro producto y para quienes son unas almas viajeras, para que as\u00ed puedan seguir cuidando sus cabellos mientras recorren el mundo.<\/p>\n<p>Terapia intensiva de crecimiento, detenci\u00f3n ca\u00edda y revitalizaci\u00f3n de la fibra capilar fol\u00edculo piloso.<br \/>\nA base de extracto puro cebolla morada, biotina, ajo, romero, ortiga, semillas de lino y karit\u00e9.<br \/>\nF\u00f3rmula \u00fanica y magistral sin sal, sin parabenos, sin siliconas, ideal para cabellos estancados que no crecen, con ca\u00edda, d\u00e9biles y sin vida. Acelera el crecimiento capilar y revitaliza el cabello desde el primer uso.<\/p>\n<p><strong>Contenido:<\/strong>\u00a060 ml<\/p>\n","protected":false},"excerpt":{"rendered":"<p>Esta mini versi\u00f3n del tratamiento Terapia intensiva bomba de crecimiento fue dise\u00f1ada para aquellas personas que quieren probar nuestro producto y para quienes son unas almas viajeras, para que as\u00ed puedan seguir cuidando sus cabellos mientras recorren el mundo. Terapia intensiva de crecimiento, detenci\u00f3n ca\u00edda y revitalizaci\u00f3n de la fibra capilar fol\u00edculo piloso. A base [&hellip;]<\/p>\n","protected":false},"featured_media":519,"comment_status":"open","ping_status":"closed","template":"","meta":{"_joinchat":[]},"product_cat":[16],"product_tag":[81,207,217,124,208,120,99,226,121,119],"jetpack_sharing_enabled":true,"_links":{"self":[{"href":"https:\/\/pacuidarte.com\/index.php\/wp-json\/wp\/v2\/product\/233"}],"collection":[{"href":"https:\/\/pacuidarte.com\/index.php\/wp-json\/wp\/v2\/product"}],"about":[{"href":"https:\/\/pacuidarte.com\/index.php\/wp-json\/wp\/v2\/types\/product"}],"replies":[{"embeddable":true,"href":"https:\/\/pacuidarte.com\/index.php\/wp-json\/wp\/v2\/comments?post=233"}],"wp:featuredmedia":[{"embeddable":true,"href":"https:\/\/pacuidarte.com\/index.php\/wp-json\/wp\/v2\/media\/519"}],"wp:attachment":[{"href":"https:\/\/pacuidarte.com\/index.php\/wp-json\/wp\/v2\/media?parent=233"}],"wp:term":[{"taxonomy":"product_cat","embeddable":true,"href":"https:\/\/pacuidarte.com\/index.php\/wp-json\/wp\/v2\/product_cat?post=233"},{"taxonomy":"product_tag","embeddable":true,"href":"https:\/\/pacuidarte.com\/index.php\/wp-json\/wp\/v2\/product_tag?post=233"}],"curies":[{"name":"wp","href":"https:\/\/api.w.org\/{rel}","templated":true}]}}