{"id":2327,"date":"2025-01-15T15:26:49","date_gmt":"2025-01-15T20:26:49","guid":{"rendered":"https:\/\/pacuidarte.com\/?post_type=product&#038;p=2327"},"modified":"2025-01-15T15:26:49","modified_gmt":"2025-01-15T20:26:49","slug":"leche-desmaquilladora-te-verde","status":"publish","type":"product","link":"https:\/\/pacuidarte.com\/index.php\/producto\/leche-desmaquilladora-te-verde\/","title":{"rendered":"Leche Desmaquilladora T\u00e9 Verde"},"content":{"rendered":"<p>La Leche Desmaquilladora de T\u00e9 Verde, por sus ingredientes activos, regula el pH, limpiando y removiendo maquillaje, impurezas y c\u00e9lulas muertas. Ayuda a emparejar el tono natural de la piel y previene la aparici\u00f3n de manchas. El t\u00e9 verde es rico en antioxidantes y vitamina C, componentes que calman el estr\u00e9s oxidativo. Regula la producci\u00f3n de grasa en la piel.<\/p>\n<p>Ideal para pieles grasas.<\/p>\n<p><strong>Ingredientes principales:<\/strong><\/p>\n<ul>\n<li>T\u00e9 verde.<\/li>\n<li>Aloe vera.<\/li>\n<li>Oliva.<\/li>\n<li>Arg\u00e1n.<\/li>\n<li>Ortiga.<\/li>\n<\/ul>\n<p><strong>\u00bfC\u00f3mo se usa?<\/strong><\/p>\n<p>Aplicar sobre el rostro y el cuello haciendo masajes circulares. Retirar con un algod\u00f3n o pa\u00f1ito hasta remover todo el maquillaje y\/o todas las impurezas de la piel.<\/p>\n<p><strong>Nuestros productos:<\/strong><\/p>\n<ul>\n<li>No contaminan el agua.<\/li>\n<li>Son 100% biodegradables.<\/li>\n<li>Agroecol\u00f3gicos.<\/li>\n<li>Naturales.<\/li>\n<li>No contienen parabenos.<\/li>\n<li>No son testados en animales.<\/li>\n<\/ul>\n<p>\u00a1Ap\u00f3rtale energ\u00eda y vitalidad a tu piel! \u00a1Adqui\u00e9relo ya!<\/p>\n<p><img loading=\"lazy\" decoding=\"async\" class=\"my-img alignnone size-medium wp-image-8962\" src=\"https:\/\/naturalconexion.com\/wp-content\/uploads\/2020\/09\/1-300x300.png\" alt=\"\" width=\"80\" height=\"80\" \/>\u00a0<img loading=\"lazy\" decoding=\"async\" class=\"my-img alignnone size-medium wp-image-8961\" src=\"https:\/\/naturalconexion.com\/wp-content\/uploads\/2020\/09\/2-1-300x300.png\" alt=\"\" width=\"80\" height=\"80\" \/>\u00a0<img loading=\"lazy\" decoding=\"async\" class=\"my-img alignnone size-medium wp-image-8960\" src=\"https:\/\/naturalconexion.com\/wp-content\/uploads\/2020\/09\/3-300x300.png\" alt=\"\" width=\"80\" height=\"80\" \/>\u00a0<img loading=\"lazy\" decoding=\"async\" class=\"my-img alignnone size-medium wp-image-8959\" src=\"https:\/\/naturalconexion.com\/wp-content\/uploads\/2020\/09\/4-300x300.png\" alt=\"\" width=\"80\" height=\"80\" \/>\u00a0<img loading=\"lazy\" decoding=\"async\" class=\"my-img alignnone size-medium wp-image-8958\" src=\"https:\/\/naturalconexion.com\/wp-content\/uploads\/2020\/09\/5-300x300.png\" alt=\"\" width=\"80\" height=\"80\" \/>\u00a0<img loading=\"lazy\" decoding=\"async\" class=\"my-img alignnone size-medium wp-image-8964\" src=\"https:\/\/naturalconexion.com\/wp-content\/uploads\/2020\/09\/6-300x300.png\" alt=\"\" width=\"80\" height=\"80\" \/><img loading=\"lazy\" decoding=\"async\" class=\"my-img alignnone size-medium wp-image-8963\" src=\"https:\/\/naturalconexion.com\/wp-content\/uploads\/2020\/11\/Sellos_Mesa-de-trabajo-1-copia-5.png\" alt=\"\" width=\"80\" height=\"80\" \/><img loading=\"lazy\" decoding=\"async\" class=\"my-img alignnone size-medium wp-image-8963\" src=\"https:\/\/naturalconexion.com\/wp-content\/uploads\/2020\/09\/7-300x300.png\" alt=\"\" width=\"80\" height=\"80\" \/><\/p>\n","protected":false},"excerpt":{"rendered":"<p>La Leche Desmaquilladora de T\u00e9 Verde, por sus ingredientes activos, regula el pH, limpiando y removiendo maquillaje, impurezas y c\u00e9lulas muertas. Ayuda a emparejar el tono natural de la piel y previene la aparici\u00f3n de manchas. El t\u00e9 verde es rico en antioxidantes y vitamina C, componentes que calman el estr\u00e9s oxidativo. Regula la producci\u00f3n [&hellip;]<\/p>\n","protected":false},"featured_media":2329,"comment_status":"open","ping_status":"closed","template":"","meta":{"_joinchat":[]},"product_cat":[18,17,27],"product_tag":[295,57,292],"jetpack_sharing_enabled":true,"_links":{"self":[{"href":"https:\/\/pacuidarte.com\/index.php\/wp-json\/wp\/v2\/product\/2327"}],"collection":[{"href":"https:\/\/pacuidarte.com\/index.php\/wp-json\/wp\/v2\/product"}],"about":[{"href":"https:\/\/pacuidarte.com\/index.php\/wp-json\/wp\/v2\/types\/product"}],"replies":[{"embeddable":true,"href":"https:\/\/pacuidarte.com\/index.php\/wp-json\/wp\/v2\/comments?post=2327"}],"wp:featuredmedia":[{"embeddable":true,"href":"https:\/\/pacuidarte.com\/index.php\/wp-json\/wp\/v2\/media\/2329"}],"wp:attachment":[{"href":"https:\/\/pacuidarte.com\/index.php\/wp-json\/wp\/v2\/media?parent=2327"}],"wp:term":[{"taxonomy":"product_cat","embeddable":true,"href":"https:\/\/pacuidarte.com\/index.php\/wp-json\/wp\/v2\/product_cat?post=2327"},{"taxonomy":"product_tag","embeddable":true,"href":"https:\/\/pacuidarte.com\/index.php\/wp-json\/wp\/v2\/product_tag?post=2327"}],"curies":[{"name":"wp","href":"https:\/\/api.w.org\/{rel}","templated":true}]}}