{"id":2315,"date":"2025-01-15T14:57:23","date_gmt":"2025-01-15T19:57:23","guid":{"rendered":"https:\/\/pacuidarte.com\/?post_type=product&#038;p=2315"},"modified":"2025-03-08T17:00:37","modified_gmt":"2025-03-08T22:00:37","slug":"yogurt-corporal-de-coco-lima-y-verbena","status":"publish","type":"product","link":"https:\/\/pacuidarte.com\/index.php\/producto\/yogurt-corporal-de-coco-lima-y-verbena\/","title":{"rendered":"Yogurt Corporal"},"content":{"rendered":"<p>Nuestros Yogures corporales est\u00e1n enriquecidos con extractos bot\u00e1nicos que le ofrecen a tu piel excelentes propiedades hidratantes y nutritivas. Se absorben f\u00e1cilmente dejando la piel suave y de apariencia m\u00e1s tersa.<\/p>\n","protected":false},"excerpt":{"rendered":"<p>Nuestros Yogures corporales est\u00e1n enriquecidos con extractos bot\u00e1nicos que le ofrecen a tu piel excelentes propiedades hidratantes y nutritivas. Se absorben f\u00e1cilmente dejando la piel suave y de apariencia m\u00e1s tersa.<\/p>\n","protected":false},"featured_media":2320,"comment_status":"open","ping_status":"closed","template":"","meta":{"_joinchat":[]},"product_cat":[20,30,17],"product_tag":[],"jetpack_sharing_enabled":true,"_links":{"self":[{"href":"https:\/\/pacuidarte.com\/index.php\/wp-json\/wp\/v2\/product\/2315"}],"collection":[{"href":"https:\/\/pacuidarte.com\/index.php\/wp-json\/wp\/v2\/product"}],"about":[{"href":"https:\/\/pacuidarte.com\/index.php\/wp-json\/wp\/v2\/types\/product"}],"replies":[{"embeddable":true,"href":"https:\/\/pacuidarte.com\/index.php\/wp-json\/wp\/v2\/comments?post=2315"}],"wp:featuredmedia":[{"embeddable":true,"href":"https:\/\/pacuidarte.com\/index.php\/wp-json\/wp\/v2\/media\/2320"}],"wp:attachment":[{"href":"https:\/\/pacuidarte.com\/index.php\/wp-json\/wp\/v2\/media?parent=2315"}],"wp:term":[{"taxonomy":"product_cat","embeddable":true,"href":"https:\/\/pacuidarte.com\/index.php\/wp-json\/wp\/v2\/product_cat?post=2315"},{"taxonomy":"product_tag","embeddable":true,"href":"https:\/\/pacuidarte.com\/index.php\/wp-json\/wp\/v2\/product_tag?post=2315"}],"curies":[{"name":"wp","href":"https:\/\/api.w.org\/{rel}","templated":true}]}}