{"id":230,"date":"2023-09-18T23:43:09","date_gmt":"2023-09-18T23:43:09","guid":{"rendered":"https:\/\/pacuidarte.com\/index.php\/producto\/mini-ultranutritivo\/"},"modified":"2024-12-15T15:47:58","modified_gmt":"2024-12-15T20:47:58","slug":"mini-ultranutritivo","status":"publish","type":"product","link":"https:\/\/pacuidarte.com\/index.php\/producto\/mini-ultranutritivo\/","title":{"rendered":"Mini Ultranutritivo"},"content":{"rendered":"<p>Esta mini versi\u00f3n del tratamiento ultranutritivo fue dise\u00f1ada para aquellas personas que quieren probar nuestro producto y para quienes son unas almas viajeras, para que as\u00ed puedan seguir cuidando sus cabellos mientras recorren el mundo.<\/p>\n<p>Una novedosa y revolucionaria alternativa de regeneraci\u00f3n celular lograda gracias a la incorporaci\u00f3n de c\u00e9lulas madre y extractos herbales en un tratamiento capilar. Penetra profundamente en la fibra capilar, regeneran tu cabello y cuero cabelludo, ayuda a reparar el cabello maltratado, hidrata el fol\u00edculo piloso y rejuvenece tu cabello.<\/p>\n<p>Ayuda a detener la ca\u00edda del cabello, reparar la cut\u00edcula y aumentar la resistencia y flexibilidad de la fibra capilar.<\/p>\n<p>Compuesto por c\u00e9lulas madre de \u00e1rbol de Arg\u00e1n y extractos herbales de Quina, cola de caballo y s\u00e1bila<\/p>\n<p><strong>Contiene:<\/strong>\u00a060 ml<\/p>\n","protected":false},"excerpt":{"rendered":"<p>Esta mini versi\u00f3n del tratamiento ultranutritivo fue dise\u00f1ada para aquellas personas que quieren probar nuestro producto y para quienes son unas almas viajeras, para que as\u00ed puedan seguir cuidando sus cabellos mientras recorren el mundo. Una novedosa y revolucionaria alternativa de regeneraci\u00f3n celular lograda gracias a la incorporaci\u00f3n de c\u00e9lulas madre y extractos herbales en [&hellip;]<\/p>\n","protected":false},"featured_media":832,"comment_status":"open","ping_status":"closed","template":"","meta":{"_joinchat":[]},"product_cat":[16,24],"product_tag":[],"jetpack_sharing_enabled":true,"_links":{"self":[{"href":"https:\/\/pacuidarte.com\/index.php\/wp-json\/wp\/v2\/product\/230"}],"collection":[{"href":"https:\/\/pacuidarte.com\/index.php\/wp-json\/wp\/v2\/product"}],"about":[{"href":"https:\/\/pacuidarte.com\/index.php\/wp-json\/wp\/v2\/types\/product"}],"replies":[{"embeddable":true,"href":"https:\/\/pacuidarte.com\/index.php\/wp-json\/wp\/v2\/comments?post=230"}],"wp:featuredmedia":[{"embeddable":true,"href":"https:\/\/pacuidarte.com\/index.php\/wp-json\/wp\/v2\/media\/832"}],"wp:attachment":[{"href":"https:\/\/pacuidarte.com\/index.php\/wp-json\/wp\/v2\/media?parent=230"}],"wp:term":[{"taxonomy":"product_cat","embeddable":true,"href":"https:\/\/pacuidarte.com\/index.php\/wp-json\/wp\/v2\/product_cat?post=230"},{"taxonomy":"product_tag","embeddable":true,"href":"https:\/\/pacuidarte.com\/index.php\/wp-json\/wp\/v2\/product_tag?post=230"}],"curies":[{"name":"wp","href":"https:\/\/api.w.org\/{rel}","templated":true}]}}