{"id":229,"date":"2023-09-18T23:43:09","date_gmt":"2023-09-18T23:43:09","guid":{"rendered":"https:\/\/pacuidarte.com\/index.php\/producto\/hair-grows-gomitas\/"},"modified":"2024-08-01T19:51:15","modified_gmt":"2024-08-02T00:51:15","slug":"hair-grows-gomitas","status":"publish","type":"product","link":"https:\/\/pacuidarte.com\/index.php\/producto\/hair-grows-gomitas\/","title":{"rendered":"Vitaminas Hair Grows Deluxe"},"content":{"rendered":"<p>Las Vitaminas Hair Grows Deluxe contienen los nutrientes b\u00e1sicos para la salud en general. Un cuerpo sano es ideal para conseguir un cabello, u\u00f1as y piel saludables y hermosos.<\/p>\n<p>Este es un suplemento natural de vitaminas que nutren el <strong>cabello, piel y u\u00f1as<\/strong> desde el interior.<\/p>\n<p><strong>Contiene: <\/strong>Biotina, col\u00e1geno, calcio y vitaminas.<\/p>\n<p>Brinda brillo, fuerza, suavidad, hidrataci\u00f3n y crecimiento.<\/p>\n<p>Contiene 60 gomitas para tratamiento por un mes.<\/p>\n<p><strong>Apto para personas desde los 12 a\u00f1os<\/strong><\/p>\n","protected":false},"excerpt":{"rendered":"<p>Las Vitaminas Hair Grows Deluxe contienen los nutrientes b\u00e1sicos para la salud en general. Un cuerpo sano es ideal para conseguir un cabello, u\u00f1as y piel saludables y hermosos. Este es un suplemento natural de vitaminas que nutren el cabello, piel y u\u00f1as desde el interior. Contiene: Biotina, col\u00e1geno, calcio y vitaminas. Brinda brillo, fuerza, [&hellip;]<\/p>\n","protected":false},"featured_media":466,"comment_status":"open","ping_status":"closed","template":"","meta":{"_joinchat":[]},"product_cat":[16],"product_tag":[68,58,59,234,60],"jetpack_sharing_enabled":true,"_links":{"self":[{"href":"https:\/\/pacuidarte.com\/index.php\/wp-json\/wp\/v2\/product\/229"}],"collection":[{"href":"https:\/\/pacuidarte.com\/index.php\/wp-json\/wp\/v2\/product"}],"about":[{"href":"https:\/\/pacuidarte.com\/index.php\/wp-json\/wp\/v2\/types\/product"}],"replies":[{"embeddable":true,"href":"https:\/\/pacuidarte.com\/index.php\/wp-json\/wp\/v2\/comments?post=229"}],"wp:featuredmedia":[{"embeddable":true,"href":"https:\/\/pacuidarte.com\/index.php\/wp-json\/wp\/v2\/media\/466"}],"wp:attachment":[{"href":"https:\/\/pacuidarte.com\/index.php\/wp-json\/wp\/v2\/media?parent=229"}],"wp:term":[{"taxonomy":"product_cat","embeddable":true,"href":"https:\/\/pacuidarte.com\/index.php\/wp-json\/wp\/v2\/product_cat?post=229"},{"taxonomy":"product_tag","embeddable":true,"href":"https:\/\/pacuidarte.com\/index.php\/wp-json\/wp\/v2\/product_tag?post=229"}],"curies":[{"name":"wp","href":"https:\/\/api.w.org\/{rel}","templated":true}]}}