{"id":228,"date":"2023-09-18T23:43:09","date_gmt":"2023-09-18T23:43:09","guid":{"rendered":"https:\/\/pacuidarte.com\/index.php\/producto\/dermaoil-aceite-para-estrias\/"},"modified":"2025-04-04T10:59:23","modified_gmt":"2025-04-04T15:59:23","slug":"dermaoil-aceite-para-estrias","status":"publish","type":"product","link":"https:\/\/pacuidarte.com\/index.php\/producto\/dermaoil-aceite-para-estrias\/","title":{"rendered":"Dermaoil aceite para estr\u00edas"},"content":{"rendered":"<p><strong>Previene y aten\u00faa las estr\u00edas hasta en un 90%<\/strong><\/p>\n<p>Estimula la regeneraci\u00f3n de las c\u00e9lulas, logrando que la piel se reconstruya.<br \/>\nPreviene la formaci\u00f3n de estr\u00edas durante el crecimiento (chicas adolescentes), embarazo y las derivadas por un r\u00e1pido aumento de peso.<\/p>\n<p><strong>En el embarazo se aconseja utilizar DermaOil desde el segundo trimestre de embarazo.<\/strong><\/p>\n<p>DermaOil contiene aceites naturales (Cal\u00e9ndula, Lavanda, Romero y Manzanilla), vitaminas A y E, col\u00e1geno, elastina, entre otros ingredientes esenciales.<\/p>\n<p><strong>Contenido:<\/strong> 250 ml<\/p>\n","protected":false},"excerpt":{"rendered":"<p>Previene y aten\u00faa las estr\u00edas hasta en un 90% Estimula la regeneraci\u00f3n de las c\u00e9lulas, logrando que la piel se reconstruya. Previene la formaci\u00f3n de estr\u00edas durante el crecimiento (chicas adolescentes), embarazo y las derivadas por un r\u00e1pido aumento de peso. En el embarazo se aconseja utilizar DermaOil desde el segundo trimestre de embarazo. DermaOil [&hellip;]<\/p>\n","protected":false},"featured_media":497,"comment_status":"open","ping_status":"closed","template":"","meta":{"_joinchat":[]},"product_cat":[20],"product_tag":[182,183,89,99,59,184],"jetpack_sharing_enabled":true,"_links":{"self":[{"href":"https:\/\/pacuidarte.com\/index.php\/wp-json\/wp\/v2\/product\/228"}],"collection":[{"href":"https:\/\/pacuidarte.com\/index.php\/wp-json\/wp\/v2\/product"}],"about":[{"href":"https:\/\/pacuidarte.com\/index.php\/wp-json\/wp\/v2\/types\/product"}],"replies":[{"embeddable":true,"href":"https:\/\/pacuidarte.com\/index.php\/wp-json\/wp\/v2\/comments?post=228"}],"wp:featuredmedia":[{"embeddable":true,"href":"https:\/\/pacuidarte.com\/index.php\/wp-json\/wp\/v2\/media\/497"}],"wp:attachment":[{"href":"https:\/\/pacuidarte.com\/index.php\/wp-json\/wp\/v2\/media?parent=228"}],"wp:term":[{"taxonomy":"product_cat","embeddable":true,"href":"https:\/\/pacuidarte.com\/index.php\/wp-json\/wp\/v2\/product_cat?post=228"},{"taxonomy":"product_tag","embeddable":true,"href":"https:\/\/pacuidarte.com\/index.php\/wp-json\/wp\/v2\/product_tag?post=228"}],"curies":[{"name":"wp","href":"https:\/\/api.w.org\/{rel}","templated":true}]}}