{"id":227,"date":"2023-09-18T23:43:09","date_gmt":"2023-09-18T23:43:09","guid":{"rendered":"https:\/\/pacuidarte.com\/index.php\/producto\/crema-para-piernas-relaxed-legs\/"},"modified":"2025-04-04T10:59:58","modified_gmt":"2025-04-04T15:59:58","slug":"crema-para-piernas-relaxed-legs","status":"publish","type":"product","link":"https:\/\/pacuidarte.com\/index.php\/producto\/crema-para-piernas-relaxed-legs\/","title":{"rendered":"Crema para piernas Relaxed Legs"},"content":{"rendered":"<p><strong>Piernas hermosas, descansadas y relajadas.<\/strong><\/p>\n<p>La crema Relaxed Legs desarrollada por expertos naturistas produce un efecto relajante y suavizante para las piernas. Est\u00e1 elaborado especialmente para: <strong>venas varices, ara\u00f1itas, moretones o golpes, cansancio o hinchaz\u00f3n.<\/strong><br \/>\nEs ideal para hidratar y suavizar la piel despu\u00e9s de la depilaci\u00f3n o del ba\u00f1o.<br \/>\nCompuesta de extractos 100% naturales de aceite de coco, casta\u00f1o de indias, amamelis, cal\u00e9ndula, aceite esencial de menta, ginkgo biloba y \u00e1rnica.<\/p>\n<p><strong>Contenido:<\/strong> 300 ml<\/p>\n<p>&nbsp;<\/p>\n","protected":false},"excerpt":{"rendered":"<p>Piernas hermosas, descansadas y relajadas. La crema Relaxed Legs desarrollada por expertos naturistas produce un efecto relajante y suavizante para las piernas. Est\u00e1 elaborado especialmente para: venas varices, ara\u00f1itas, moretones o golpes, cansancio o hinchaz\u00f3n. Es ideal para hidratar y suavizar la piel despu\u00e9s de la depilaci\u00f3n o del ba\u00f1o. Compuesta de extractos 100% naturales [&hellip;]<\/p>\n","protected":false},"featured_media":494,"comment_status":"open","ping_status":"closed","template":"","meta":{"_joinchat":[]},"product_cat":[20],"product_tag":[155,159,99,158,157,154,156],"jetpack_sharing_enabled":true,"_links":{"self":[{"href":"https:\/\/pacuidarte.com\/index.php\/wp-json\/wp\/v2\/product\/227"}],"collection":[{"href":"https:\/\/pacuidarte.com\/index.php\/wp-json\/wp\/v2\/product"}],"about":[{"href":"https:\/\/pacuidarte.com\/index.php\/wp-json\/wp\/v2\/types\/product"}],"replies":[{"embeddable":true,"href":"https:\/\/pacuidarte.com\/index.php\/wp-json\/wp\/v2\/comments?post=227"}],"wp:featuredmedia":[{"embeddable":true,"href":"https:\/\/pacuidarte.com\/index.php\/wp-json\/wp\/v2\/media\/494"}],"wp:attachment":[{"href":"https:\/\/pacuidarte.com\/index.php\/wp-json\/wp\/v2\/media?parent=227"}],"wp:term":[{"taxonomy":"product_cat","embeddable":true,"href":"https:\/\/pacuidarte.com\/index.php\/wp-json\/wp\/v2\/product_cat?post=227"},{"taxonomy":"product_tag","embeddable":true,"href":"https:\/\/pacuidarte.com\/index.php\/wp-json\/wp\/v2\/product_tag?post=227"}],"curies":[{"name":"wp","href":"https:\/\/api.w.org\/{rel}","templated":true}]}}