{"id":226,"date":"2023-09-18T23:43:09","date_gmt":"2023-09-18T23:43:09","guid":{"rendered":"https:\/\/pacuidarte.com\/index.php\/producto\/crema-exfoliante-con-colageno\/"},"modified":"2025-04-04T11:00:16","modified_gmt":"2025-04-04T16:00:16","slug":"crema-exfoliante-con-colageno","status":"publish","type":"product","link":"https:\/\/pacuidarte.com\/index.php\/producto\/crema-exfoliante-con-colageno\/","title":{"rendered":"Crema exfoliante con col\u00e1geno"},"content":{"rendered":"<p>Un excelente exfoliante <strong>libre de micropl\u00e1sticos<\/strong> para lograr una piel suave, hermosa, nutrida y con sensaci\u00f3n aterciopelada.<\/p>\n<ul>\n<li>Limpia<\/li>\n<li>Purifica<\/li>\n<li>Tonifica<\/li>\n<li>Renueva las c\u00e9lulas<\/li>\n<li>Activa la micro-circulaci\u00f3n<\/li>\n<li>Combate la celulitis o piel de naranja<\/li>\n<li>Evita que el vello se enquiste<\/li>\n<li>Regula la producci\u00f3n de grasa y elimina la resequedad en la piel.<\/li>\n<li>Ayuda a eliminar el acn\u00e9<\/li>\n<li>Hidrata y nutre la piel.<\/li>\n<\/ul>\n<p>Contiene semillas de albaricoque, semillas de durazno, extracto de maracuy\u00e1, aceite de karite, aceite de arg\u00e1n, vitamina E y col\u00e1geno.<\/p>\n<p><strong>Contenido:<\/strong> 60 ml<\/p>\n","protected":false},"excerpt":{"rendered":"<p>Un excelente exfoliante libre de micropl\u00e1sticos para lograr una piel suave, hermosa, nutrida y con sensaci\u00f3n aterciopelada. Limpia Purifica Tonifica Renueva las c\u00e9lulas Activa la micro-circulaci\u00f3n Combate la celulitis o piel de naranja Evita que el vello se enquiste Regula la producci\u00f3n de grasa y elimina la resequedad en la piel. Ayuda a eliminar el [&hellip;]<\/p>\n","protected":false},"featured_media":835,"comment_status":"open","ping_status":"closed","template":"","meta":{"_joinchat":[]},"product_cat":[20],"product_tag":[168,166,57,165,99,58,167,61,164,163,73],"jetpack_sharing_enabled":true,"_links":{"self":[{"href":"https:\/\/pacuidarte.com\/index.php\/wp-json\/wp\/v2\/product\/226"}],"collection":[{"href":"https:\/\/pacuidarte.com\/index.php\/wp-json\/wp\/v2\/product"}],"about":[{"href":"https:\/\/pacuidarte.com\/index.php\/wp-json\/wp\/v2\/types\/product"}],"replies":[{"embeddable":true,"href":"https:\/\/pacuidarte.com\/index.php\/wp-json\/wp\/v2\/comments?post=226"}],"wp:featuredmedia":[{"embeddable":true,"href":"https:\/\/pacuidarte.com\/index.php\/wp-json\/wp\/v2\/media\/835"}],"wp:attachment":[{"href":"https:\/\/pacuidarte.com\/index.php\/wp-json\/wp\/v2\/media?parent=226"}],"wp:term":[{"taxonomy":"product_cat","embeddable":true,"href":"https:\/\/pacuidarte.com\/index.php\/wp-json\/wp\/v2\/product_cat?post=226"},{"taxonomy":"product_tag","embeddable":true,"href":"https:\/\/pacuidarte.com\/index.php\/wp-json\/wp\/v2\/product_tag?post=226"}],"curies":[{"name":"wp","href":"https:\/\/api.w.org\/{rel}","templated":true}]}}