{"id":224,"date":"2023-09-18T23:43:09","date_gmt":"2023-09-18T23:43:09","guid":{"rendered":"https:\/\/pacuidarte.com\/index.php\/producto\/dermoaclarante\/"},"modified":"2025-04-04T11:01:07","modified_gmt":"2025-04-04T16:01:07","slug":"dermoaclarante","status":"publish","type":"product","link":"https:\/\/pacuidarte.com\/index.php\/producto\/dermoaclarante\/","title":{"rendered":"Dermoaclarante"},"content":{"rendered":"<p>Tratamiento efectivo para <strong>eliminar manchas, pecas, cicatrices de acn\u00e9, brote de acn\u00e9, estr\u00edas, arrugas, l\u00edneas de expresi\u00f3n, hongos, ojeras, manchas faciales y cualquier hiperpigmentaci\u00f3n en la piel.<\/strong><\/p>\n<p>Sus principales activos: \u00e1cido glic\u00f3lico, \u00e1cido l\u00e1ctico, acido salic\u00edlico, retinoides, extracto natural de uchuva y kiwi, renuevan y brindan un aspecto terso y luminoso a tu piel.<\/p>\n<p>Al usarlo deber\u00e1s ser muy cuidadoso con la aplicaci\u00f3n de protecci\u00f3n solar, hidratar constantemente tu piel y el lavar tu rostro la ma\u00f1ana siguiente a la aplicaci\u00f3n.<\/p>\n<p><strong>Efecto peeling<\/strong><\/p>\n<p><strong>Contenido:\u00a0<\/strong>60 ml<\/p>\n","protected":false},"excerpt":{"rendered":"<p>Tratamiento efectivo para eliminar manchas, pecas, cicatrices de acn\u00e9, brote de acn\u00e9, estr\u00edas, arrugas, l\u00edneas de expresi\u00f3n, hongos, ojeras, manchas faciales y cualquier hiperpigmentaci\u00f3n en la piel. Sus principales activos: \u00e1cido glic\u00f3lico, \u00e1cido l\u00e1ctico, acido salic\u00edlico, retinoides, extracto natural de uchuva y kiwi, renuevan y brindan un aspecto terso y luminoso a tu piel. Al [&hellip;]<\/p>\n","protected":false},"featured_media":489,"comment_status":"open","ping_status":"closed","template":"","meta":{"_joinchat":[]},"product_cat":[18],"product_tag":[179,180,177,181,175,59,178,176],"jetpack_sharing_enabled":true,"_links":{"self":[{"href":"https:\/\/pacuidarte.com\/index.php\/wp-json\/wp\/v2\/product\/224"}],"collection":[{"href":"https:\/\/pacuidarte.com\/index.php\/wp-json\/wp\/v2\/product"}],"about":[{"href":"https:\/\/pacuidarte.com\/index.php\/wp-json\/wp\/v2\/types\/product"}],"replies":[{"embeddable":true,"href":"https:\/\/pacuidarte.com\/index.php\/wp-json\/wp\/v2\/comments?post=224"}],"wp:featuredmedia":[{"embeddable":true,"href":"https:\/\/pacuidarte.com\/index.php\/wp-json\/wp\/v2\/media\/489"}],"wp:attachment":[{"href":"https:\/\/pacuidarte.com\/index.php\/wp-json\/wp\/v2\/media?parent=224"}],"wp:term":[{"taxonomy":"product_cat","embeddable":true,"href":"https:\/\/pacuidarte.com\/index.php\/wp-json\/wp\/v2\/product_cat?post=224"},{"taxonomy":"product_tag","embeddable":true,"href":"https:\/\/pacuidarte.com\/index.php\/wp-json\/wp\/v2\/product_tag?post=224"}],"curies":[{"name":"wp","href":"https:\/\/api.w.org\/{rel}","templated":true}]}}