{"id":223,"date":"2023-09-18T23:43:09","date_gmt":"2023-09-18T23:43:09","guid":{"rendered":"https:\/\/pacuidarte.com\/index.php\/producto\/espuma-facial-limpiadora\/"},"modified":"2025-04-04T11:01:29","modified_gmt":"2025-04-04T16:01:29","slug":"espuma-facial-limpiadora","status":"publish","type":"product","link":"https:\/\/pacuidarte.com\/index.php\/producto\/espuma-facial-limpiadora\/","title":{"rendered":"Espuma facial limpiadora"},"content":{"rendered":"<p>F\u00f3rmula libre de jab\u00f3n que no reseca la piel, elaborada con suaves tensoactivos enriquecida con miel y s\u00e1bila.<\/p>\n<p>Limpia profunda y adecuadamente el rostro, retirando las impurezas, el maquillaje y la suciedad que se va acumulando en la piel durante el d\u00eda y causan el envejecimiento prematuro. Elimina las c\u00e9lulas muertas y deja la piel suave, fresca y humectada.<\/p>\n<p>Indicada para todo tipo de piel.<\/p>\n<p><strong>Contenido:<\/strong> 250 ml<\/p>\n","protected":false},"excerpt":{"rendered":"<p>F\u00f3rmula libre de jab\u00f3n que no reseca la piel, elaborada con suaves tensoactivos enriquecida con miel y s\u00e1bila. Limpia profunda y adecuadamente el rostro, retirando las impurezas, el maquillaje y la suciedad que se va acumulando en la piel durante el d\u00eda y causan el envejecimiento prematuro. Elimina las c\u00e9lulas muertas y deja la piel [&hellip;]<\/p>\n","protected":false},"featured_media":485,"comment_status":"open","ping_status":"closed","template":"","meta":{"_joinchat":[]},"product_cat":[18],"product_tag":[187,189,99,174,191,188,173,170,190,192],"jetpack_sharing_enabled":true,"_links":{"self":[{"href":"https:\/\/pacuidarte.com\/index.php\/wp-json\/wp\/v2\/product\/223"}],"collection":[{"href":"https:\/\/pacuidarte.com\/index.php\/wp-json\/wp\/v2\/product"}],"about":[{"href":"https:\/\/pacuidarte.com\/index.php\/wp-json\/wp\/v2\/types\/product"}],"replies":[{"embeddable":true,"href":"https:\/\/pacuidarte.com\/index.php\/wp-json\/wp\/v2\/comments?post=223"}],"wp:featuredmedia":[{"embeddable":true,"href":"https:\/\/pacuidarte.com\/index.php\/wp-json\/wp\/v2\/media\/485"}],"wp:attachment":[{"href":"https:\/\/pacuidarte.com\/index.php\/wp-json\/wp\/v2\/media?parent=223"}],"wp:term":[{"taxonomy":"product_cat","embeddable":true,"href":"https:\/\/pacuidarte.com\/index.php\/wp-json\/wp\/v2\/product_cat?post=223"},{"taxonomy":"product_tag","embeddable":true,"href":"https:\/\/pacuidarte.com\/index.php\/wp-json\/wp\/v2\/product_tag?post=223"}],"curies":[{"name":"wp","href":"https:\/\/api.w.org\/{rel}","templated":true}]}}