{"id":221,"date":"2023-09-18T23:43:09","date_gmt":"2023-09-18T23:43:09","guid":{"rendered":"https:\/\/pacuidarte.com\/index.php\/producto\/tonico-facial-de-rosas\/"},"modified":"2025-11-22T18:02:09","modified_gmt":"2025-11-22T23:02:09","slug":"tonico-facial-de-rosas","status":"publish","type":"product","link":"https:\/\/pacuidarte.com\/index.php\/producto\/tonico-facial-de-rosas\/","title":{"rendered":"T\u00f3nico facial de rosas"},"content":{"rendered":"<p>T\u00f3nico enriquecido con col\u00e1geno, vitamina E y aloe vera.<\/p>\n<p>Ideal para una Iimpieza profunda de la piel, tonificar y regenerar las c\u00e9lulas cut\u00e1neas.<\/p>\n<p>Mejora la estructura de la dermis incrementando su hidrataci\u00f3n, luminosidad y firmeza.<\/p>\n<p>Ideal para usar en la noche y en la ma\u00f1ana despu\u00e9s de limpiar la piel, antes y despu\u00e9s del maquillaje, y tambi\u00e9n puedes aplicarla despu\u00e9s de depilar, afeitar o rasurar la piel.<\/p>\n<p><strong>Contenido:<\/strong> 250 ml<\/p>\n","protected":false},"excerpt":{"rendered":"<p>T\u00f3nico enriquecido con col\u00e1geno, vitamina E y aloe vera. Ideal para una Iimpieza profunda de la piel, tonificar y regenerar las c\u00e9lulas cut\u00e1neas. Mejora la estructura de la dermis incrementando su hidrataci\u00f3n, luminosidad y firmeza. Ideal para usar en la noche y en la ma\u00f1ana despu\u00e9s de limpiar la piel, antes y despu\u00e9s del maquillaje, [&hellip;]<\/p>\n","protected":false},"featured_media":534,"comment_status":"open","ping_status":"closed","template":"","meta":{"_joinchat":[]},"product_cat":[18],"product_tag":[227,228,57,143],"jetpack_sharing_enabled":true,"_links":{"self":[{"href":"https:\/\/pacuidarte.com\/index.php\/wp-json\/wp\/v2\/product\/221"}],"collection":[{"href":"https:\/\/pacuidarte.com\/index.php\/wp-json\/wp\/v2\/product"}],"about":[{"href":"https:\/\/pacuidarte.com\/index.php\/wp-json\/wp\/v2\/types\/product"}],"replies":[{"embeddable":true,"href":"https:\/\/pacuidarte.com\/index.php\/wp-json\/wp\/v2\/comments?post=221"}],"wp:featuredmedia":[{"embeddable":true,"href":"https:\/\/pacuidarte.com\/index.php\/wp-json\/wp\/v2\/media\/534"}],"wp:attachment":[{"href":"https:\/\/pacuidarte.com\/index.php\/wp-json\/wp\/v2\/media?parent=221"}],"wp:term":[{"taxonomy":"product_cat","embeddable":true,"href":"https:\/\/pacuidarte.com\/index.php\/wp-json\/wp\/v2\/product_cat?post=221"},{"taxonomy":"product_tag","embeddable":true,"href":"https:\/\/pacuidarte.com\/index.php\/wp-json\/wp\/v2\/product_tag?post=221"}],"curies":[{"name":"wp","href":"https:\/\/api.w.org\/{rel}","templated":true}]}}