{"id":220,"date":"2023-09-18T23:43:09","date_gmt":"2023-09-18T23:43:09","guid":{"rendered":"https:\/\/pacuidarte.com\/index.php\/producto\/mascarilla-de-arcilla\/"},"modified":"2024-07-19T19:25:23","modified_gmt":"2024-07-20T00:25:23","slug":"mascarilla-de-arcilla","status":"publish","type":"product","link":"https:\/\/pacuidarte.com\/index.php\/producto\/mascarilla-de-arcilla\/","title":{"rendered":"Mascarilla de arcilla blanca"},"content":{"rendered":"<p>La arcilla blanca suaviza, purifica, nutre y embellece la piel del rostro.<\/p>\n<ul>\n<li>Ideal para pieles<strong> grasas, con acn\u00e9 y puntos negros<\/strong>, sobre las que act\u00faa como un peeling muy suave.<\/li>\n<li>Tratamiento rejuvenecedor.<\/li>\n<li>Tratamiento dermatitis, cicatrices (acn\u00e9) y heridas en la piel.<\/li>\n<li>Tratamiento para las manchas en la piel.<\/li>\n<li>Exfoliaci\u00f3n e hidrataci\u00f3n de pieles secas<\/li>\n<li>Limpieza profunda de la piel<\/li>\n<\/ul>\n<p><strong>Contenido:<\/strong> 250 g<\/p>\n","protected":false},"excerpt":{"rendered":"<p>La arcilla blanca suaviza, purifica, nutre y embellece la piel del rostro. Ideal para pieles grasas, con acn\u00e9 y puntos negros, sobre las que act\u00faa como un peeling muy suave. Tratamiento rejuvenecedor. Tratamiento dermatitis, cicatrices (acn\u00e9) y heridas en la piel. Tratamiento para las manchas en la piel. Exfoliaci\u00f3n e hidrataci\u00f3n de pieles secas Limpieza [&hellip;]<\/p>\n","protected":false},"featured_media":825,"comment_status":"open","ping_status":"closed","template":"","meta":{"_joinchat":[]},"product_cat":[18],"product_tag":[232,175,191,188,167,170,192],"jetpack_sharing_enabled":true,"_links":{"self":[{"href":"https:\/\/pacuidarte.com\/index.php\/wp-json\/wp\/v2\/product\/220"}],"collection":[{"href":"https:\/\/pacuidarte.com\/index.php\/wp-json\/wp\/v2\/product"}],"about":[{"href":"https:\/\/pacuidarte.com\/index.php\/wp-json\/wp\/v2\/types\/product"}],"replies":[{"embeddable":true,"href":"https:\/\/pacuidarte.com\/index.php\/wp-json\/wp\/v2\/comments?post=220"}],"wp:featuredmedia":[{"embeddable":true,"href":"https:\/\/pacuidarte.com\/index.php\/wp-json\/wp\/v2\/media\/825"}],"wp:attachment":[{"href":"https:\/\/pacuidarte.com\/index.php\/wp-json\/wp\/v2\/media?parent=220"}],"wp:term":[{"taxonomy":"product_cat","embeddable":true,"href":"https:\/\/pacuidarte.com\/index.php\/wp-json\/wp\/v2\/product_cat?post=220"},{"taxonomy":"product_tag","embeddable":true,"href":"https:\/\/pacuidarte.com\/index.php\/wp-json\/wp\/v2\/product_tag?post=220"}],"curies":[{"name":"wp","href":"https:\/\/api.w.org\/{rel}","templated":true}]}}