{"id":219,"date":"2023-09-18T23:43:09","date_gmt":"2023-09-18T23:43:09","guid":{"rendered":"https:\/\/pacuidarte.com\/index.php\/producto\/aceite-de-coco\/"},"modified":"2025-03-09T14:53:01","modified_gmt":"2025-03-09T19:53:01","slug":"aceite-de-coco","status":"publish","type":"product","link":"https:\/\/pacuidarte.com\/index.php\/producto\/aceite-de-coco\/","title":{"rendered":"Aceite puro de coco"},"content":{"rendered":"<p>Aceite de coco extra virgen, 100% natural y org\u00e1nico, prensado en fr\u00edo.<\/p>\n<p><strong>Libre de qu\u00edmicos y conservantes.<\/strong><\/p>\n<p>Para uso est\u00e9tico, alimenticio y medicinal.<\/p>\n<p><strong>Beneficios y usos:<\/strong><\/p>\n<ul>\n<li>Ayuda a blanquear los dientes y a combatir la gingivitis.<\/li>\n<li>\u00dasalo como crema para rasurar las piernas.<\/li>\n<li>\u00dasalo como b\u00e1lsamo para labios resecos.<\/li>\n<li>Suaviza y humecta la piel.<\/li>\n<li>Estimula el crecimiento del caballo, detener su ca\u00edda y eliminar el hongo de la caspa.<\/li>\n<li>Elimina la psoriasis y el eczema.<\/li>\n<li>Bronceador<\/li>\n<li>Desmaquillante<\/li>\n<li>Para reparar totalmente el cabello (No aplicar para finalizar el peinado, con el sol puede reaccionar y quemar el cabello).<\/li>\n<\/ul>\n<p>Est\u00e1 demostrado cient\u00edficamente que el consumo de una cucharadita diaria de aceite de coco, puede ayudar a prevenir y mejorar enfermedades como el Alzheimer.<\/p>\n<p>\u00dasalo para cocinar y aprovecha todos sus beneficios y delicioso sabor.<\/p>\n<p><strong>Contenido:<\/strong> 260 ml<\/p>\n","protected":false},"excerpt":{"rendered":"<p>Aceite de coco extra virgen, 100% natural y org\u00e1nico, prensado en fr\u00edo. Libre de qu\u00edmicos y conservantes. Para uso est\u00e9tico, alimenticio y medicinal. Beneficios y usos: Ayuda a blanquear los dientes y a combatir la gingivitis. \u00dasalo como crema para rasurar las piernas. \u00dasalo como b\u00e1lsamo para labios resecos. Suaviza y humecta la piel. Estimula [&hellip;]<\/p>\n","protected":false},"featured_media":842,"comment_status":"open","ping_status":"closed","template":"","meta":{"_joinchat":[]},"product_cat":[16,17],"product_tag":[72,68,75,71,57,74,76,59,73],"jetpack_sharing_enabled":true,"_links":{"self":[{"href":"https:\/\/pacuidarte.com\/index.php\/wp-json\/wp\/v2\/product\/219"}],"collection":[{"href":"https:\/\/pacuidarte.com\/index.php\/wp-json\/wp\/v2\/product"}],"about":[{"href":"https:\/\/pacuidarte.com\/index.php\/wp-json\/wp\/v2\/types\/product"}],"replies":[{"embeddable":true,"href":"https:\/\/pacuidarte.com\/index.php\/wp-json\/wp\/v2\/comments?post=219"}],"wp:featuredmedia":[{"embeddable":true,"href":"https:\/\/pacuidarte.com\/index.php\/wp-json\/wp\/v2\/media\/842"}],"wp:attachment":[{"href":"https:\/\/pacuidarte.com\/index.php\/wp-json\/wp\/v2\/media?parent=219"}],"wp:term":[{"taxonomy":"product_cat","embeddable":true,"href":"https:\/\/pacuidarte.com\/index.php\/wp-json\/wp\/v2\/product_cat?post=219"},{"taxonomy":"product_tag","embeddable":true,"href":"https:\/\/pacuidarte.com\/index.php\/wp-json\/wp\/v2\/product_tag?post=219"}],"curies":[{"name":"wp","href":"https:\/\/api.w.org\/{rel}","templated":true}]}}