{"id":218,"date":"2023-09-18T23:43:09","date_gmt":"2023-09-18T23:43:09","guid":{"rendered":"https:\/\/pacuidarte.com\/index.php\/producto\/tonico-capilar-crecimiento-acelerado\/"},"modified":"2025-11-22T17:56:08","modified_gmt":"2025-11-22T22:56:08","slug":"tonico-capilar-crecimiento-acelerado","status":"publish","type":"product","link":"https:\/\/pacuidarte.com\/index.php\/producto\/tonico-capilar-crecimiento-acelerado\/","title":{"rendered":"T\u00f3nico capilar Hair Grows crecimiento acelerado"},"content":{"rendered":"<p>Fortalece el cabello, previene su ca\u00edda y estimula el crecimiento. Contiene extracto de quina, cola de caballo, ortiga, guacimo, ginkgo biloba, ginseng, salvia, lavanda y menta, que otorgan al cabello resistencia, brillo, sedosidad, vitalidad y fuerza.<\/p>\n<p>Es ideal para personas con ca\u00edda de cabello excesiva, zonas despobladas o personas con tratamientos oncol\u00f3gicos.<\/p>\n<p>Este producto est\u00e1 libre de preservantes, fragancias y colorantes.<\/p>\n<p>Soluciona el problema de crecimiento deficiente, provee la energ\u00eda que necesita el fol\u00edculo en la etapa del crecimiento para lograr el m\u00e1ximo desarrollo, adem\u00e1s mantiene activo el fol\u00edculo evitando un envejecimiento prematuro y su ca\u00edda.<\/p>\n<p><strong>Contenido: <\/strong>250\u00a0ml<\/p>\n","protected":false},"excerpt":{"rendered":"<p>Fortalece el cabello, previene su ca\u00edda y estimula el crecimiento. Contiene extracto de quina, cola de caballo, ortiga, guacimo, ginkgo biloba, ginseng, salvia, lavanda y menta, que otorgan al cabello resistencia, brillo, sedosidad, vitalidad y fuerza. Es ideal para personas con ca\u00edda de cabello excesiva, zonas despobladas o personas con tratamientos oncol\u00f3gicos. Este producto est\u00e1 [&hellip;]<\/p>\n","protected":false},"featured_media":507,"comment_status":"open","ping_status":"closed","template":"","meta":{"_joinchat":[]},"product_cat":[16],"product_tag":[130,81,207,217,124,208,120,99,226,121,119],"jetpack_sharing_enabled":true,"_links":{"self":[{"href":"https:\/\/pacuidarte.com\/index.php\/wp-json\/wp\/v2\/product\/218"}],"collection":[{"href":"https:\/\/pacuidarte.com\/index.php\/wp-json\/wp\/v2\/product"}],"about":[{"href":"https:\/\/pacuidarte.com\/index.php\/wp-json\/wp\/v2\/types\/product"}],"replies":[{"embeddable":true,"href":"https:\/\/pacuidarte.com\/index.php\/wp-json\/wp\/v2\/comments?post=218"}],"wp:featuredmedia":[{"embeddable":true,"href":"https:\/\/pacuidarte.com\/index.php\/wp-json\/wp\/v2\/media\/507"}],"wp:attachment":[{"href":"https:\/\/pacuidarte.com\/index.php\/wp-json\/wp\/v2\/media?parent=218"}],"wp:term":[{"taxonomy":"product_cat","embeddable":true,"href":"https:\/\/pacuidarte.com\/index.php\/wp-json\/wp\/v2\/product_cat?post=218"},{"taxonomy":"product_tag","embeddable":true,"href":"https:\/\/pacuidarte.com\/index.php\/wp-json\/wp\/v2\/product_tag?post=218"}],"curies":[{"name":"wp","href":"https:\/\/api.w.org\/{rel}","templated":true}]}}