{"id":2176,"date":"2024-12-15T15:39:21","date_gmt":"2024-12-15T20:39:21","guid":{"rendered":"https:\/\/pacuidarte.com\/?post_type=product&#038;p=2176"},"modified":"2025-03-30T19:03:24","modified_gmt":"2025-03-31T00:03:24","slug":"jabon-corporal-de-cafe","status":"publish","type":"product","link":"https:\/\/pacuidarte.com\/index.php\/producto\/jabon-corporal-de-cafe\/","title":{"rendered":"Jab\u00f3n corporal de caf\u00e9"},"content":{"rendered":"<p>Adem\u00e1s de su ligero efecto exfoliante, este jab\u00f3n (90gr) de caf\u00e9 estimula la circulaci\u00f3n sangu\u00ednea y ayuda a la piel a liberarse de la grasa dren\u00e1ndola. El caf\u00e9 tambi\u00e9n tiene propiedades antioxidantes que ayudan a preservar la juventud de la piel.<\/p>\n","protected":false},"excerpt":{"rendered":"<p>Adem\u00e1s de su ligero efecto exfoliante, este jab\u00f3n (90gr) de caf\u00e9 estimula la circulaci\u00f3n sangu\u00ednea y ayuda a la piel a liberarse de la grasa dren\u00e1ndola. El caf\u00e9 tambi\u00e9n tiene propiedades antioxidantes que ayudan a preservar la juventud de la piel.<\/p>\n","protected":false},"featured_media":2177,"comment_status":"open","ping_status":"closed","template":"","meta":{"_joinchat":[]},"product_cat":[20],"product_tag":[],"jetpack_sharing_enabled":true,"_links":{"self":[{"href":"https:\/\/pacuidarte.com\/index.php\/wp-json\/wp\/v2\/product\/2176"}],"collection":[{"href":"https:\/\/pacuidarte.com\/index.php\/wp-json\/wp\/v2\/product"}],"about":[{"href":"https:\/\/pacuidarte.com\/index.php\/wp-json\/wp\/v2\/types\/product"}],"replies":[{"embeddable":true,"href":"https:\/\/pacuidarte.com\/index.php\/wp-json\/wp\/v2\/comments?post=2176"}],"wp:featuredmedia":[{"embeddable":true,"href":"https:\/\/pacuidarte.com\/index.php\/wp-json\/wp\/v2\/media\/2177"}],"wp:attachment":[{"href":"https:\/\/pacuidarte.com\/index.php\/wp-json\/wp\/v2\/media?parent=2176"}],"wp:term":[{"taxonomy":"product_cat","embeddable":true,"href":"https:\/\/pacuidarte.com\/index.php\/wp-json\/wp\/v2\/product_cat?post=2176"},{"taxonomy":"product_tag","embeddable":true,"href":"https:\/\/pacuidarte.com\/index.php\/wp-json\/wp\/v2\/product_tag?post=2176"}],"curies":[{"name":"wp","href":"https:\/\/api.w.org\/{rel}","templated":true}]}}