{"id":2168,"date":"2024-12-15T15:22:28","date_gmt":"2024-12-15T20:22:28","guid":{"rendered":"https:\/\/pacuidarte.com\/?post_type=product&#038;p=2168"},"modified":"2024-12-15T15:26:55","modified_gmt":"2024-12-15T20:26:55","slug":"bano-liquido","status":"publish","type":"product","link":"https:\/\/pacuidarte.com\/index.php\/producto\/bano-liquido\/","title":{"rendered":"Ba\u00f1o l\u00edquido de cal\u00e9ndula y rosas"},"content":{"rendered":"<p>Ba\u00f1o l\u00edquido a base de cal\u00e9ndula y rosas, que nutre la piel del cuerpo y del rostro, ayudando en procesos de cicatrizaci\u00f3n y brindando bienestar general.<\/p>\n<p>Ideal para el cuidado de la piel de tu mascota.<\/p>\n<p>R\u00e1pido enjuague y ahorro de agua.<\/p>\n<p><em><strong>Envase retornable<\/strong><\/em><\/p>\n","protected":false},"excerpt":{"rendered":"<p>Ba\u00f1o l\u00edquido a base de cal\u00e9ndula y rosas, que nutre la piel del cuerpo y del rostro, ayudando en procesos de cicatrizaci\u00f3n y brindando bienestar general. Ideal para el cuidado de la piel de tu mascota. R\u00e1pido enjuague y ahorro de agua. Envase retornable<\/p>\n","protected":false},"featured_media":0,"comment_status":"open","ping_status":"closed","template":"","meta":{"_joinchat":[]},"product_cat":[20,18,17],"product_tag":[289,288,99,173],"jetpack_sharing_enabled":true,"_links":{"self":[{"href":"https:\/\/pacuidarte.com\/index.php\/wp-json\/wp\/v2\/product\/2168"}],"collection":[{"href":"https:\/\/pacuidarte.com\/index.php\/wp-json\/wp\/v2\/product"}],"about":[{"href":"https:\/\/pacuidarte.com\/index.php\/wp-json\/wp\/v2\/types\/product"}],"replies":[{"embeddable":true,"href":"https:\/\/pacuidarte.com\/index.php\/wp-json\/wp\/v2\/comments?post=2168"}],"wp:attachment":[{"href":"https:\/\/pacuidarte.com\/index.php\/wp-json\/wp\/v2\/media?parent=2168"}],"wp:term":[{"taxonomy":"product_cat","embeddable":true,"href":"https:\/\/pacuidarte.com\/index.php\/wp-json\/wp\/v2\/product_cat?post=2168"},{"taxonomy":"product_tag","embeddable":true,"href":"https:\/\/pacuidarte.com\/index.php\/wp-json\/wp\/v2\/product_tag?post=2168"}],"curies":[{"name":"wp","href":"https:\/\/api.w.org\/{rel}","templated":true}]}}