{"id":216,"date":"2023-09-18T23:43:09","date_gmt":"2023-09-18T23:43:09","guid":{"rendered":"https:\/\/pacuidarte.com\/index.php\/producto\/aceite-de-argan\/"},"modified":"2025-05-04T16:39:01","modified_gmt":"2025-05-04T21:39:01","slug":"aceite-de-argan","status":"publish","type":"product","link":"https:\/\/pacuidarte.com\/index.php\/producto\/aceite-de-argan\/","title":{"rendered":"Aceite puro de Arg\u00e1n"},"content":{"rendered":"<p>Prensado en fr\u00edo, 100% puro y sin aditivos.<\/p>\n<p>Aceite de f\u00e1cil y r\u00e1pida absorci\u00f3n. No es comedog\u00e9nico ni deja rastro graso.<\/p>\n<p><strong>Beneficios y usos:<\/strong><\/p>\n<ul>\n<li>Excelente regenerador rico en antioxidantes, por lo que puedes aplicarlo directamente sobre la piel, ya sea del rostro o cuerpo.<\/li>\n<li>Nutre y previene las l\u00edneas de expresi\u00f3n.<\/li>\n<li>Ayuda a combatir quemaduras y manchas en la piel.<\/li>\n<li>Hidrata y nutre la piel de las zonas m\u00e1s secas o irritadas (talones, codos, rodillas).<\/li>\n<li>Ideal para el crecimiento de las u\u00f1as, cuidado de cut\u00edcula y manos.<\/li>\n<li>Hidrata y nutre a profundidad el cabello.<\/li>\n<li>Restaura las puntas secas y abiertas.<\/li>\n<li>Aporta brillo y suavidad al cabello.<\/li>\n<li>Es el \u00fanico aceite que puedes usar para finalizar tu peinado (no reacciona con el sol).<\/li>\n<\/ul>\n<p><strong>Contenido:<\/strong> 60 ml<\/p>\n","protected":false},"excerpt":{"rendered":"<p>Prensado en fr\u00edo, 100% puro y sin aditivos. Aceite de f\u00e1cil y r\u00e1pida absorci\u00f3n. No es comedog\u00e9nico ni deja rastro graso. Beneficios y usos: Excelente regenerador rico en antioxidantes, por lo que puedes aplicarlo directamente sobre la piel, ya sea del rostro o cuerpo. Nutre y previene las l\u00edneas de expresi\u00f3n. Ayuda a combatir quemaduras [&hellip;]<\/p>\n","protected":false},"featured_media":532,"comment_status":"open","ping_status":"closed","template":"","meta":{"_joinchat":[]},"product_cat":[16],"product_tag":[62,64,68,67,57,58,59,69,65,61,70,66,60,63],"jetpack_sharing_enabled":true,"_links":{"self":[{"href":"https:\/\/pacuidarte.com\/index.php\/wp-json\/wp\/v2\/product\/216"}],"collection":[{"href":"https:\/\/pacuidarte.com\/index.php\/wp-json\/wp\/v2\/product"}],"about":[{"href":"https:\/\/pacuidarte.com\/index.php\/wp-json\/wp\/v2\/types\/product"}],"replies":[{"embeddable":true,"href":"https:\/\/pacuidarte.com\/index.php\/wp-json\/wp\/v2\/comments?post=216"}],"wp:featuredmedia":[{"embeddable":true,"href":"https:\/\/pacuidarte.com\/index.php\/wp-json\/wp\/v2\/media\/532"}],"wp:attachment":[{"href":"https:\/\/pacuidarte.com\/index.php\/wp-json\/wp\/v2\/media?parent=216"}],"wp:term":[{"taxonomy":"product_cat","embeddable":true,"href":"https:\/\/pacuidarte.com\/index.php\/wp-json\/wp\/v2\/product_cat?post=216"},{"taxonomy":"product_tag","embeddable":true,"href":"https:\/\/pacuidarte.com\/index.php\/wp-json\/wp\/v2\/product_tag?post=216"}],"curies":[{"name":"wp","href":"https:\/\/api.w.org\/{rel}","templated":true}]}}