{"id":214,"date":"2023-09-18T23:43:09","date_gmt":"2023-09-18T23:43:09","guid":{"rendered":"https:\/\/pacuidarte.com\/index.php\/producto\/tratamiento-bomba-de-crecimiento\/"},"modified":"2025-11-22T17:56:08","modified_gmt":"2025-11-22T22:56:08","slug":"tratamiento-bomba-de-crecimiento","status":"publish","type":"product","link":"https:\/\/pacuidarte.com\/index.php\/producto\/tratamiento-bomba-de-crecimiento\/","title":{"rendered":"Terapia intensiva bomba de crecimiento"},"content":{"rendered":"<p>Terapia intensiva de crecimiento, detenci\u00f3n ca\u00edda y revitalizaci\u00f3n de la fibra capilar fol\u00edculo piloso.<br \/>\nA base de extracto puro cebolla morada, biotina, ajo, romero, ortiga, semillas de lino y karit\u00e9.<br \/>\nF\u00f3rmula \u00fanica y magistral sin sal, sin parabenos, sin siliconas, ideal para cabellos estancados que no crecen, con ca\u00edda, d\u00e9biles y sin vida. Acelera el crecimiento capilar y revitaliza el cabello desde el primer uso.<\/p>\n<p><strong>Contenido:<\/strong> 600 ml<\/p>\n","protected":false},"excerpt":{"rendered":"<p>Terapia intensiva de crecimiento, detenci\u00f3n ca\u00edda y revitalizaci\u00f3n de la fibra capilar fol\u00edculo piloso. A base de extracto puro cebolla morada, biotina, ajo, romero, ortiga, semillas de lino y karit\u00e9. F\u00f3rmula \u00fanica y magistral sin sal, sin parabenos, sin siliconas, ideal para cabellos estancados que no crecen, con ca\u00edda, d\u00e9biles y sin vida. Acelera el [&hellip;]<\/p>\n","protected":false},"featured_media":518,"comment_status":"open","ping_status":"closed","template":"","meta":{"_joinchat":[]},"product_cat":[16],"product_tag":[81,207,217,124,208,120,99,226,121,119],"jetpack_sharing_enabled":true,"_links":{"self":[{"href":"https:\/\/pacuidarte.com\/index.php\/wp-json\/wp\/v2\/product\/214"}],"collection":[{"href":"https:\/\/pacuidarte.com\/index.php\/wp-json\/wp\/v2\/product"}],"about":[{"href":"https:\/\/pacuidarte.com\/index.php\/wp-json\/wp\/v2\/types\/product"}],"replies":[{"embeddable":true,"href":"https:\/\/pacuidarte.com\/index.php\/wp-json\/wp\/v2\/comments?post=214"}],"wp:featuredmedia":[{"embeddable":true,"href":"https:\/\/pacuidarte.com\/index.php\/wp-json\/wp\/v2\/media\/518"}],"wp:attachment":[{"href":"https:\/\/pacuidarte.com\/index.php\/wp-json\/wp\/v2\/media?parent=214"}],"wp:term":[{"taxonomy":"product_cat","embeddable":true,"href":"https:\/\/pacuidarte.com\/index.php\/wp-json\/wp\/v2\/product_cat?post=214"},{"taxonomy":"product_tag","embeddable":true,"href":"https:\/\/pacuidarte.com\/index.php\/wp-json\/wp\/v2\/product_tag?post=214"}],"curies":[{"name":"wp","href":"https:\/\/api.w.org\/{rel}","templated":true}]}}