{"id":210,"date":"2023-09-18T23:43:09","date_gmt":"2023-09-18T23:43:09","guid":{"rendered":"https:\/\/pacuidarte.com\/index.php\/producto\/tratamiento-chocolate-dulce-y-macadamia\/"},"modified":"2025-06-15T18:35:28","modified_gmt":"2025-06-15T23:35:28","slug":"tratamiento-chocolate-dulce-y-macadamia","status":"publish","type":"product","link":"https:\/\/pacuidarte.com\/index.php\/producto\/tratamiento-chocolate-dulce-y-macadamia\/","title":{"rendered":"Tratamiento Chocolate Dulce y Macadamia"},"content":{"rendered":"<p>El tratamiento capilar de Chocolate dulce y Macadamia es la nutrici\u00f3n esencial para el cabello <strong>seco y quebradizo<\/strong>.<br \/>\nUn tratamiento completo a base extracto de chocolate dulce que es un excelente antioxidante, macadamia, keratina, Omega 3 y amino\u00e1cidos que brindan nutrici\u00f3n e hidrataci\u00f3n, recuperando as\u00ed la salud del cabello.<\/p>\n<p><strong>Contenido:<\/strong> 500 ml<\/p>\n<p><strong>Ideal para cabello oscuro<\/strong><\/p>\n","protected":false},"excerpt":{"rendered":"<p>El tratamiento capilar de Chocolate dulce y Macadamia es la nutrici\u00f3n esencial para el cabello seco y quebradizo. Un tratamiento completo a base extracto de chocolate dulce que es un excelente antioxidante, macadamia, keratina, Omega 3 y amino\u00e1cidos que brindan nutrici\u00f3n e hidrataci\u00f3n, recuperando as\u00ed la salud del cabello. Contenido: 500 ml Ideal para cabello [&hellip;]<\/p>\n","protected":false},"featured_media":521,"comment_status":"open","ping_status":"closed","template":"","meta":{"_joinchat":[]},"product_cat":[16],"product_tag":[124,225,123,57,58,226],"jetpack_sharing_enabled":true,"_links":{"self":[{"href":"https:\/\/pacuidarte.com\/index.php\/wp-json\/wp\/v2\/product\/210"}],"collection":[{"href":"https:\/\/pacuidarte.com\/index.php\/wp-json\/wp\/v2\/product"}],"about":[{"href":"https:\/\/pacuidarte.com\/index.php\/wp-json\/wp\/v2\/types\/product"}],"replies":[{"embeddable":true,"href":"https:\/\/pacuidarte.com\/index.php\/wp-json\/wp\/v2\/comments?post=210"}],"wp:featuredmedia":[{"embeddable":true,"href":"https:\/\/pacuidarte.com\/index.php\/wp-json\/wp\/v2\/media\/521"}],"wp:attachment":[{"href":"https:\/\/pacuidarte.com\/index.php\/wp-json\/wp\/v2\/media?parent=210"}],"wp:term":[{"taxonomy":"product_cat","embeddable":true,"href":"https:\/\/pacuidarte.com\/index.php\/wp-json\/wp\/v2\/product_cat?post=210"},{"taxonomy":"product_tag","embeddable":true,"href":"https:\/\/pacuidarte.com\/index.php\/wp-json\/wp\/v2\/product_tag?post=210"}],"curies":[{"name":"wp","href":"https:\/\/api.w.org\/{rel}","templated":true}]}}