{"id":209,"date":"2023-09-18T23:43:09","date_gmt":"2023-09-18T23:43:09","guid":{"rendered":"https:\/\/pacuidarte.com\/index.php\/producto\/tratamiento-ultranutritivo-noche\/"},"modified":"2025-06-15T18:03:16","modified_gmt":"2025-06-15T23:03:16","slug":"tratamiento-ultranutritivo-noche","status":"publish","type":"product","link":"https:\/\/pacuidarte.com\/index.php\/producto\/tratamiento-ultranutritivo-noche\/","title":{"rendered":"Tratamiento Ultranutritivo Noche"},"content":{"rendered":"<p>Una novedosa y revolucionaria alternativa de regeneraci\u00f3n celular lograda gracias a la incorporaci\u00f3n de c\u00e9lulas madre y extractos herbales en un tratamiento capilar. Penetra profundamente en la fibra capilar, regeneran tu cabello y cuero cabelludo, ayuda a reparar el cabello maltratado, hidrata el fol\u00edculo piloso y rejuvenece tu cabello.<\/p>\n<p>Ayuda a detener la ca\u00edda del cabello, reparar la cut\u00edcula y aumentar la resistencia y flexibilidad de la fibra capilar.<\/p>\n<p>Compuesto por c\u00e9lulas madre de \u00e1rbol de Arg\u00e1n y extractos herbales de Quina, cola de caballo y s\u00e1bila<\/p>\n<p><strong>Contiene:<\/strong> 500 ml<\/p>\n","protected":false},"excerpt":{"rendered":"<p>Una novedosa y revolucionaria alternativa de regeneraci\u00f3n celular lograda gracias a la incorporaci\u00f3n de c\u00e9lulas madre y extractos herbales en un tratamiento capilar. Penetra profundamente en la fibra capilar, regeneran tu cabello y cuero cabelludo, ayuda a reparar el cabello maltratado, hidrata el fol\u00edculo piloso y rejuvenece tu cabello. Ayuda a detener la ca\u00edda del [&hellip;]<\/p>\n","protected":false},"featured_media":511,"comment_status":"open","ping_status":"closed","template":"","meta":{"_joinchat":[]},"product_cat":[16],"product_tag":[207,217,208,70],"jetpack_sharing_enabled":true,"_links":{"self":[{"href":"https:\/\/pacuidarte.com\/index.php\/wp-json\/wp\/v2\/product\/209"}],"collection":[{"href":"https:\/\/pacuidarte.com\/index.php\/wp-json\/wp\/v2\/product"}],"about":[{"href":"https:\/\/pacuidarte.com\/index.php\/wp-json\/wp\/v2\/types\/product"}],"replies":[{"embeddable":true,"href":"https:\/\/pacuidarte.com\/index.php\/wp-json\/wp\/v2\/comments?post=209"}],"wp:featuredmedia":[{"embeddable":true,"href":"https:\/\/pacuidarte.com\/index.php\/wp-json\/wp\/v2\/media\/511"}],"wp:attachment":[{"href":"https:\/\/pacuidarte.com\/index.php\/wp-json\/wp\/v2\/media?parent=209"}],"wp:term":[{"taxonomy":"product_cat","embeddable":true,"href":"https:\/\/pacuidarte.com\/index.php\/wp-json\/wp\/v2\/product_cat?post=209"},{"taxonomy":"product_tag","embeddable":true,"href":"https:\/\/pacuidarte.com\/index.php\/wp-json\/wp\/v2\/product_tag?post=209"}],"curies":[{"name":"wp","href":"https:\/\/api.w.org\/{rel}","templated":true}]}}