{"id":2085,"date":"2024-10-22T17:57:40","date_gmt":"2024-10-22T22:57:40","guid":{"rendered":"https:\/\/pacuidarte.com\/?post_type=product&#038;p=2085"},"modified":"2025-04-04T10:34:18","modified_gmt":"2025-04-04T15:34:18","slug":"crema-depilatoria-facial","status":"publish","type":"product","link":"https:\/\/pacuidarte.com\/index.php\/producto\/crema-depilatoria-facial\/","title":{"rendered":"Crema depilatoria facial"},"content":{"rendered":"<p>\u00a1En s\u00f3lo 5 minutos, estar\u00e1s lista!<\/p>\n<p>Recuerda realizar la prueba de sensibilidad con una peque\u00f1a cantidad en una zona de tu rostro para ver que no tengas ninguna reacci\u00f3n al\u00e9rgica al producto.<\/p>\n","protected":false},"excerpt":{"rendered":"<p>\u00a1En s\u00f3lo 5 minutos, estar\u00e1s lista! Recuerda realizar la prueba de sensibilidad con una peque\u00f1a cantidad en una zona de tu rostro para ver que no tengas ninguna reacci\u00f3n al\u00e9rgica al producto.<\/p>\n","protected":false},"featured_media":2086,"comment_status":"open","ping_status":"closed","template":"","meta":{"_joinchat":[]},"product_cat":[18,27,24],"product_tag":[286,285,170],"jetpack_sharing_enabled":true,"_links":{"self":[{"href":"https:\/\/pacuidarte.com\/index.php\/wp-json\/wp\/v2\/product\/2085"}],"collection":[{"href":"https:\/\/pacuidarte.com\/index.php\/wp-json\/wp\/v2\/product"}],"about":[{"href":"https:\/\/pacuidarte.com\/index.php\/wp-json\/wp\/v2\/types\/product"}],"replies":[{"embeddable":true,"href":"https:\/\/pacuidarte.com\/index.php\/wp-json\/wp\/v2\/comments?post=2085"}],"wp:featuredmedia":[{"embeddable":true,"href":"https:\/\/pacuidarte.com\/index.php\/wp-json\/wp\/v2\/media\/2086"}],"wp:attachment":[{"href":"https:\/\/pacuidarte.com\/index.php\/wp-json\/wp\/v2\/media?parent=2085"}],"wp:term":[{"taxonomy":"product_cat","embeddable":true,"href":"https:\/\/pacuidarte.com\/index.php\/wp-json\/wp\/v2\/product_cat?post=2085"},{"taxonomy":"product_tag","embeddable":true,"href":"https:\/\/pacuidarte.com\/index.php\/wp-json\/wp\/v2\/product_tag?post=2085"}],"curies":[{"name":"wp","href":"https:\/\/api.w.org\/{rel}","templated":true}]}}