{"id":208,"date":"2023-09-18T23:43:08","date_gmt":"2023-09-18T23:43:08","guid":{"rendered":"https:\/\/pacuidarte.com\/index.php\/producto\/acondicionador-repolarizante\/"},"modified":"2025-04-03T16:22:57","modified_gmt":"2025-04-03T21:22:57","slug":"acondicionador-repolarizante","status":"publish","type":"product","link":"https:\/\/pacuidarte.com\/index.php\/producto\/acondicionador-repolarizante\/","title":{"rendered":"Acondicionador Repolarizante"},"content":{"rendered":"<p>Acondicionador multifuncional (acondicionador, repolarizante y sellador de cut\u00edcula) dise\u00f1ado especialmente para mantener la cut\u00edcula del cabello sellada, fuerte y sana.<\/p>\n<p>Gracias a la presencia de la manteca de cacao, la cera de abejas y en combinaci\u00f3n con el col\u00e1geno, es un hidratante natural que aporta brillo y suavidad al cabello.<\/p>\n<p>Posee efecto acondicionador y reparador de la fibra capilar, eliminando las puntas abiertas y el da\u00f1o extremo. Con \u00e9l podr\u00e1s realizar una Repolarizaci\u00f3n profesional en casa, sellando en un 100% las puntas del cabello e hidratando y nutriendo cada hebra capilar.<\/p>\n<p><strong>Contenido:\u00a0<\/strong>600 ml<\/p>\n","protected":false},"excerpt":{"rendered":"<p>Acondicionador multifuncional (acondicionador, repolarizante y sellador de cut\u00edcula) dise\u00f1ado especialmente para mantener la cut\u00edcula del cabello sellada, fuerte y sana. Gracias a la presencia de la manteca de cacao, la cera de abejas y en combinaci\u00f3n con el col\u00e1geno, es un hidratante natural que aporta brillo y suavidad al cabello. Posee efecto acondicionador y reparador [&hellip;]<\/p>\n","protected":false},"featured_media":471,"comment_status":"open","ping_status":"closed","template":"","meta":{"_joinchat":[]},"product_cat":[16],"product_tag":[68,81,129,220,57,58,69,79,219,78,77,80],"jetpack_sharing_enabled":true,"_links":{"self":[{"href":"https:\/\/pacuidarte.com\/index.php\/wp-json\/wp\/v2\/product\/208"}],"collection":[{"href":"https:\/\/pacuidarte.com\/index.php\/wp-json\/wp\/v2\/product"}],"about":[{"href":"https:\/\/pacuidarte.com\/index.php\/wp-json\/wp\/v2\/types\/product"}],"replies":[{"embeddable":true,"href":"https:\/\/pacuidarte.com\/index.php\/wp-json\/wp\/v2\/comments?post=208"}],"wp:featuredmedia":[{"embeddable":true,"href":"https:\/\/pacuidarte.com\/index.php\/wp-json\/wp\/v2\/media\/471"}],"wp:attachment":[{"href":"https:\/\/pacuidarte.com\/index.php\/wp-json\/wp\/v2\/media?parent=208"}],"wp:term":[{"taxonomy":"product_cat","embeddable":true,"href":"https:\/\/pacuidarte.com\/index.php\/wp-json\/wp\/v2\/product_cat?post=208"},{"taxonomy":"product_tag","embeddable":true,"href":"https:\/\/pacuidarte.com\/index.php\/wp-json\/wp\/v2\/product_tag?post=208"}],"curies":[{"name":"wp","href":"https:\/\/api.w.org\/{rel}","templated":true}]}}