{"id":206,"date":"2023-09-18T23:43:08","date_gmt":"2023-09-18T23:43:08","guid":{"rendered":"https:\/\/pacuidarte.com\/index.php\/producto\/shampoo-rapunzel-hair-s-o-s\/"},"modified":"2025-11-22T17:56:08","modified_gmt":"2025-11-22T22:56:08","slug":"shampoo-rapunzel-hair-s-o-s","status":"publish","type":"product","link":"https:\/\/pacuidarte.com\/index.php\/producto\/shampoo-rapunzel-hair-s-o-s\/","title":{"rendered":"Shampoo S.O.S Bomba de vitaminas"},"content":{"rendered":"<p>Bomba de Vitaminas con Keratina, es una f\u00f3rmula desarrollada especialmente para proporcionar una <strong>reparaci\u00f3n y reconstrucci\u00f3n profunda al cabello.<\/strong> La Keratina enriquecida con \u00f3leo de Ricino, Vitamina E, Panthenol y amino\u00e1cidos repara, reconstruye e hidrata profundamente el cabello dej\u00e1ndolo mucho m\u00e1s resistente y fuerte.<br \/>\nIdeal para cabellos muy<strong> secos y maltratados<\/strong>, post cuidado de Keratinas, protecci\u00f3n color y cuidado de la cirugia capilar.<\/p>\n<p><strong>Contenido:<\/strong> 600 ml<\/p>\n<p><strong>Sin sal ni parabenos<\/strong><\/p>\n","protected":false},"excerpt":{"rendered":"<p>Bomba de Vitaminas con Keratina, es una f\u00f3rmula desarrollada especialmente para proporcionar una reparaci\u00f3n y reconstrucci\u00f3n profunda al cabello. La Keratina enriquecida con \u00f3leo de Ricino, Vitamina E, Panthenol y amino\u00e1cidos repara, reconstruye e hidrata profundamente el cabello dej\u00e1ndolo mucho m\u00e1s resistente y fuerte. Ideal para cabellos muy secos y maltratados, post cuidado de Keratinas, [&hellip;]<\/p>\n","protected":false},"featured_media":476,"comment_status":"open","ping_status":"closed","template":"","meta":{"_joinchat":[]},"product_cat":[16],"product_tag":[122,124,212,123,216],"jetpack_sharing_enabled":true,"_links":{"self":[{"href":"https:\/\/pacuidarte.com\/index.php\/wp-json\/wp\/v2\/product\/206"}],"collection":[{"href":"https:\/\/pacuidarte.com\/index.php\/wp-json\/wp\/v2\/product"}],"about":[{"href":"https:\/\/pacuidarte.com\/index.php\/wp-json\/wp\/v2\/types\/product"}],"replies":[{"embeddable":true,"href":"https:\/\/pacuidarte.com\/index.php\/wp-json\/wp\/v2\/comments?post=206"}],"wp:featuredmedia":[{"embeddable":true,"href":"https:\/\/pacuidarte.com\/index.php\/wp-json\/wp\/v2\/media\/476"}],"wp:attachment":[{"href":"https:\/\/pacuidarte.com\/index.php\/wp-json\/wp\/v2\/media?parent=206"}],"wp:term":[{"taxonomy":"product_cat","embeddable":true,"href":"https:\/\/pacuidarte.com\/index.php\/wp-json\/wp\/v2\/product_cat?post=206"},{"taxonomy":"product_tag","embeddable":true,"href":"https:\/\/pacuidarte.com\/index.php\/wp-json\/wp\/v2\/product_tag?post=206"}],"curies":[{"name":"wp","href":"https:\/\/api.w.org\/{rel}","templated":true}]}}