{"id":2044,"date":"2024-10-14T18:33:07","date_gmt":"2024-10-14T23:33:07","guid":{"rendered":"https:\/\/pacuidarte.com\/?post_type=product&#038;p=2044"},"modified":"2025-03-08T17:35:42","modified_gmt":"2025-03-08T22:35:42","slug":"mono-con-pinza","status":"publish","type":"product","link":"https:\/\/pacuidarte.com\/index.php\/producto\/mono-con-pinza\/","title":{"rendered":"Mo\u00f1o con pinza"},"content":{"rendered":"<p>Y si quieres estar a la moda, estos mo\u00f1itos son la mejor opci\u00f3n para acompa\u00f1ar tus peinados.<\/p>\n","protected":false},"excerpt":{"rendered":"<p>Y si quieres estar a la moda, estos mo\u00f1itos son la mejor opci\u00f3n para acompa\u00f1ar tus peinados.<\/p>\n","protected":false},"featured_media":0,"comment_status":"open","ping_status":"closed","template":"","meta":{"_joinchat":[]},"product_cat":[16,24],"product_tag":[68,284,283],"jetpack_sharing_enabled":true,"_links":{"self":[{"href":"https:\/\/pacuidarte.com\/index.php\/wp-json\/wp\/v2\/product\/2044"}],"collection":[{"href":"https:\/\/pacuidarte.com\/index.php\/wp-json\/wp\/v2\/product"}],"about":[{"href":"https:\/\/pacuidarte.com\/index.php\/wp-json\/wp\/v2\/types\/product"}],"replies":[{"embeddable":true,"href":"https:\/\/pacuidarte.com\/index.php\/wp-json\/wp\/v2\/comments?post=2044"}],"wp:attachment":[{"href":"https:\/\/pacuidarte.com\/index.php\/wp-json\/wp\/v2\/media?parent=2044"}],"wp:term":[{"taxonomy":"product_cat","embeddable":true,"href":"https:\/\/pacuidarte.com\/index.php\/wp-json\/wp\/v2\/product_cat?post=2044"},{"taxonomy":"product_tag","embeddable":true,"href":"https:\/\/pacuidarte.com\/index.php\/wp-json\/wp\/v2\/product_tag?post=2044"}],"curies":[{"name":"wp","href":"https:\/\/api.w.org\/{rel}","templated":true}]}}