{"id":2038,"date":"2024-10-14T18:25:22","date_gmt":"2024-10-14T23:25:22","guid":{"rendered":"https:\/\/pacuidarte.com\/?post_type=product&#038;p=2038"},"modified":"2025-01-11T17:01:53","modified_gmt":"2025-01-11T22:01:53","slug":"vela-vasito-de-policarbonato","status":"publish","type":"product","link":"https:\/\/pacuidarte.com\/index.php\/producto\/vela-vasito-de-policarbonato\/","title":{"rendered":"Vela vasito de policarbonato"},"content":{"rendered":"<p>Esta hermosa y arom\u00e1tica velita elaborada de manera artesanal, pondr\u00e1 tus espacios a oler delicioso, mientras disfrutas de toda la magia de las velas y la armonizaci\u00f3n de tus espacios.<\/p>\n","protected":false},"excerpt":{"rendered":"<p>Esta hermosa y arom\u00e1tica velita elaborada de manera artesanal, pondr\u00e1 tus espacios a oler delicioso, mientras disfrutas de toda la magia de las velas y la armonizaci\u00f3n de tus espacios.<\/p>\n","protected":false},"featured_media":0,"comment_status":"open","ping_status":"closed","template":"","meta":{"_joinchat":[]},"product_cat":[271],"product_tag":[],"jetpack_sharing_enabled":true,"_links":{"self":[{"href":"https:\/\/pacuidarte.com\/index.php\/wp-json\/wp\/v2\/product\/2038"}],"collection":[{"href":"https:\/\/pacuidarte.com\/index.php\/wp-json\/wp\/v2\/product"}],"about":[{"href":"https:\/\/pacuidarte.com\/index.php\/wp-json\/wp\/v2\/types\/product"}],"replies":[{"embeddable":true,"href":"https:\/\/pacuidarte.com\/index.php\/wp-json\/wp\/v2\/comments?post=2038"}],"wp:attachment":[{"href":"https:\/\/pacuidarte.com\/index.php\/wp-json\/wp\/v2\/media?parent=2038"}],"wp:term":[{"taxonomy":"product_cat","embeddable":true,"href":"https:\/\/pacuidarte.com\/index.php\/wp-json\/wp\/v2\/product_cat?post=2038"},{"taxonomy":"product_tag","embeddable":true,"href":"https:\/\/pacuidarte.com\/index.php\/wp-json\/wp\/v2\/product_tag?post=2038"}],"curies":[{"name":"wp","href":"https:\/\/api.w.org\/{rel}","templated":true}]}}