{"id":2037,"date":"2024-10-14T18:24:21","date_gmt":"2024-10-14T23:24:21","guid":{"rendered":"https:\/\/pacuidarte.com\/?post_type=product&#038;p=2037"},"modified":"2025-06-15T17:49:08","modified_gmt":"2025-06-15T22:49:08","slug":"vela-caldero","status":"publish","type":"product","link":"https:\/\/pacuidarte.com\/index.php\/producto\/vela-caldero\/","title":{"rendered":"Vela caldero"},"content":{"rendered":"<p>Esta hermosa y arom\u00e1tica velita elaborada de manera artesanal, pondr\u00e1 tus espacios a oler delicioso, mientras disfrutas de toda la magia de las velas y la armonizaci\u00f3n de tus espacios. Adem\u00e1s, podr\u00e1s sacarle el mejor provecho al caldero, una vez finalice la vela.<\/p>\n","protected":false},"excerpt":{"rendered":"<p>Esta hermosa y arom\u00e1tica velita elaborada de manera artesanal, pondr\u00e1 tus espacios a oler delicioso, mientras disfrutas de toda la magia de las velas y la armonizaci\u00f3n de tus espacios. Adem\u00e1s, podr\u00e1s sacarle el mejor provecho al caldero, una vez finalice la vela.<\/p>\n","protected":false},"featured_media":0,"comment_status":"open","ping_status":"closed","template":"","meta":{"_joinchat":[]},"product_cat":[271],"product_tag":[],"jetpack_sharing_enabled":true,"_links":{"self":[{"href":"https:\/\/pacuidarte.com\/index.php\/wp-json\/wp\/v2\/product\/2037"}],"collection":[{"href":"https:\/\/pacuidarte.com\/index.php\/wp-json\/wp\/v2\/product"}],"about":[{"href":"https:\/\/pacuidarte.com\/index.php\/wp-json\/wp\/v2\/types\/product"}],"replies":[{"embeddable":true,"href":"https:\/\/pacuidarte.com\/index.php\/wp-json\/wp\/v2\/comments?post=2037"}],"wp:attachment":[{"href":"https:\/\/pacuidarte.com\/index.php\/wp-json\/wp\/v2\/media?parent=2037"}],"wp:term":[{"taxonomy":"product_cat","embeddable":true,"href":"https:\/\/pacuidarte.com\/index.php\/wp-json\/wp\/v2\/product_cat?post=2037"},{"taxonomy":"product_tag","embeddable":true,"href":"https:\/\/pacuidarte.com\/index.php\/wp-json\/wp\/v2\/product_tag?post=2037"}],"curies":[{"name":"wp","href":"https:\/\/api.w.org\/{rel}","templated":true}]}}