{"id":1941,"date":"2024-09-24T11:33:52","date_gmt":"2024-09-24T16:33:52","guid":{"rendered":"https:\/\/pacuidarte.com\/?post_type=product&#038;p=1941"},"modified":"2025-03-30T15:31:00","modified_gmt":"2025-03-30T20:31:00","slug":"rosa-artificial-con-luces","status":"publish","type":"product","link":"https:\/\/pacuidarte.com\/index.php\/producto\/rosa-artificial-con-luces\/","title":{"rendered":"Rosa artificial con luces"},"content":{"rendered":"<p>\u00bfQuieres sorpender a tu ser amado?<\/p>\n<p>Esta rosa ser\u00e1 la mejor opci\u00f3n, pues no se marchitar\u00e1 y adem\u00e1s llenar\u00e1 de luz su vida.<\/p>\n","protected":false},"excerpt":{"rendered":"<p>\u00bfQuieres sorpender a tu ser amado? Esta rosa ser\u00e1 la mejor opci\u00f3n, pues no se marchitar\u00e1 y adem\u00e1s llenar\u00e1 de luz su vida.<\/p>\n","protected":false},"featured_media":1943,"comment_status":"open","ping_status":"closed","template":"","meta":{"_joinchat":[]},"product_cat":[17,24,31],"product_tag":[279,281,280],"jetpack_sharing_enabled":true,"_links":{"self":[{"href":"https:\/\/pacuidarte.com\/index.php\/wp-json\/wp\/v2\/product\/1941"}],"collection":[{"href":"https:\/\/pacuidarte.com\/index.php\/wp-json\/wp\/v2\/product"}],"about":[{"href":"https:\/\/pacuidarte.com\/index.php\/wp-json\/wp\/v2\/types\/product"}],"replies":[{"embeddable":true,"href":"https:\/\/pacuidarte.com\/index.php\/wp-json\/wp\/v2\/comments?post=1941"}],"wp:featuredmedia":[{"embeddable":true,"href":"https:\/\/pacuidarte.com\/index.php\/wp-json\/wp\/v2\/media\/1943"}],"wp:attachment":[{"href":"https:\/\/pacuidarte.com\/index.php\/wp-json\/wp\/v2\/media?parent=1941"}],"wp:term":[{"taxonomy":"product_cat","embeddable":true,"href":"https:\/\/pacuidarte.com\/index.php\/wp-json\/wp\/v2\/product_cat?post=1941"},{"taxonomy":"product_tag","embeddable":true,"href":"https:\/\/pacuidarte.com\/index.php\/wp-json\/wp\/v2\/product_tag?post=1941"}],"curies":[{"name":"wp","href":"https:\/\/api.w.org\/{rel}","templated":true}]}}