{"id":1859,"date":"2024-09-12T16:42:42","date_gmt":"2024-09-12T21:42:42","guid":{"rendered":"https:\/\/pacuidarte.com\/?post_type=product&#038;p=1859"},"modified":"2025-10-16T18:51:04","modified_gmt":"2025-10-16T23:51:04","slug":"ropa-nueva","status":"publish","type":"product","link":"https:\/\/pacuidarte.com\/index.php\/producto\/ropa-nueva\/","title":{"rendered":"Ropa nueva"},"content":{"rendered":"<p>Encuentra las prendas m\u00e1s \u00fanicas y en tendencia en nuestra tienda f\u00edsica.<\/p>\n","protected":false},"excerpt":{"rendered":"<p>Encuentra las prendas m\u00e1s \u00fanicas y en tendencia en nuestra tienda f\u00edsica.<\/p>\n","protected":false},"featured_media":1966,"comment_status":"open","ping_status":"closed","template":"","meta":{"_joinchat":[]},"product_cat":[17,24],"product_tag":[],"jetpack_sharing_enabled":true,"_links":{"self":[{"href":"https:\/\/pacuidarte.com\/index.php\/wp-json\/wp\/v2\/product\/1859"}],"collection":[{"href":"https:\/\/pacuidarte.com\/index.php\/wp-json\/wp\/v2\/product"}],"about":[{"href":"https:\/\/pacuidarte.com\/index.php\/wp-json\/wp\/v2\/types\/product"}],"replies":[{"embeddable":true,"href":"https:\/\/pacuidarte.com\/index.php\/wp-json\/wp\/v2\/comments?post=1859"}],"wp:featuredmedia":[{"embeddable":true,"href":"https:\/\/pacuidarte.com\/index.php\/wp-json\/wp\/v2\/media\/1966"}],"wp:attachment":[{"href":"https:\/\/pacuidarte.com\/index.php\/wp-json\/wp\/v2\/media?parent=1859"}],"wp:term":[{"taxonomy":"product_cat","embeddable":true,"href":"https:\/\/pacuidarte.com\/index.php\/wp-json\/wp\/v2\/product_cat?post=1859"},{"taxonomy":"product_tag","embeddable":true,"href":"https:\/\/pacuidarte.com\/index.php\/wp-json\/wp\/v2\/product_tag?post=1859"}],"curies":[{"name":"wp","href":"https:\/\/api.w.org\/{rel}","templated":true}]}}