{"id":1828,"date":"2024-09-05T12:40:46","date_gmt":"2024-09-05T17:40:46","guid":{"rendered":"https:\/\/pacuidarte.com\/?post_type=product&#038;p=1828"},"modified":"2025-06-15T18:34:17","modified_gmt":"2025-06-15T23:34:17","slug":"lima-pequena-future","status":"publish","type":"product","link":"https:\/\/pacuidarte.com\/index.php\/producto\/lima-pequena-future\/","title":{"rendered":"Lima peque\u00f1a Future"},"content":{"rendered":"<p>Esta nueva versi\u00f3n de limas trae para ti colores m\u00e1s vivos y brillantes.<\/p>\n<p>Son aptas para llevar de viaje e ideales para llevar en la billetera o en la cosmetiquera.<br \/>\nEsta linda limita est\u00e1 elaborada en cristal y te puede durar toooda la vida.<br \/>\nEvitar\u00e1s comprar constantemente limas desechables. Tu bolsillo te lo va a agradecer.<br \/>\nAdem\u00e1s, contribuir\u00e1s al cuidado del medio ambiente evitando el uso de productos poco duraderas.<\/p>\n<ul>\n<li>No se desgastan y cuentan con una superficie con puntas lijantes uniformes y regulares.<\/li>\n<li>Proporcionan un limado fino, delicado y uniforme, evitando que las u\u00f1as se quiebren y se desflequen.<\/li>\n<li>Son higi\u00e9nicas, no porosas, lavables y aptas para ser esterilizados. No est\u00e1n sujetos a corrosi\u00f3n y son alerg\u00e9nicos.<\/li>\n<li>Ideales para u\u00f1as naturales y son muy \u00fatiles en tratamientos para suavizar endurecimientos de la piel.<\/li>\n<\/ul>\n<p><strong>Medidas:<\/strong> Alto 9 cm, ancho 1 cm.<\/p>\n<p><span class=\"selectable-text copyable-text\">El color que se te enviar\u00e1 ser\u00e1 sorpresa, pero en todo caso es hermoso! Si tienes alguna preferencia d\u00e9janos una observaci\u00f3n y si tenemos el color disponible te lo enviaremos.<\/span><\/p>\n","protected":false},"excerpt":{"rendered":"<p>Esta nueva versi\u00f3n de limas trae para ti colores m\u00e1s vivos y brillantes. Son aptas para llevar de viaje e ideales para llevar en la billetera o en la cosmetiquera. Esta linda limita est\u00e1 elaborada en cristal y te puede durar toooda la vida. Evitar\u00e1s comprar constantemente limas desechables. Tu bolsillo te lo va a [&hellip;]<\/p>\n","protected":false},"featured_media":1831,"comment_status":"open","ping_status":"closed","template":"","meta":{"_joinchat":[]},"product_cat":[30,24],"product_tag":[],"jetpack_sharing_enabled":true,"_links":{"self":[{"href":"https:\/\/pacuidarte.com\/index.php\/wp-json\/wp\/v2\/product\/1828"}],"collection":[{"href":"https:\/\/pacuidarte.com\/index.php\/wp-json\/wp\/v2\/product"}],"about":[{"href":"https:\/\/pacuidarte.com\/index.php\/wp-json\/wp\/v2\/types\/product"}],"replies":[{"embeddable":true,"href":"https:\/\/pacuidarte.com\/index.php\/wp-json\/wp\/v2\/comments?post=1828"}],"wp:featuredmedia":[{"embeddable":true,"href":"https:\/\/pacuidarte.com\/index.php\/wp-json\/wp\/v2\/media\/1831"}],"wp:attachment":[{"href":"https:\/\/pacuidarte.com\/index.php\/wp-json\/wp\/v2\/media?parent=1828"}],"wp:term":[{"taxonomy":"product_cat","embeddable":true,"href":"https:\/\/pacuidarte.com\/index.php\/wp-json\/wp\/v2\/product_cat?post=1828"},{"taxonomy":"product_tag","embeddable":true,"href":"https:\/\/pacuidarte.com\/index.php\/wp-json\/wp\/v2\/product_tag?post=1828"}],"curies":[{"name":"wp","href":"https:\/\/api.w.org\/{rel}","templated":true}]}}