{"id":1749,"date":"2024-08-27T18:22:08","date_gmt":"2024-08-27T23:22:08","guid":{"rendered":"https:\/\/pacuidarte.com\/?post_type=product&#038;p=1749"},"modified":"2025-06-15T18:10:06","modified_gmt":"2025-06-15T23:10:06","slug":"lima-mini-para-billetera","status":"publish","type":"product","link":"https:\/\/pacuidarte.com\/index.php\/producto\/lima-mini-para-billetera\/","title":{"rendered":"Lima mini para billetera"},"content":{"rendered":"<p>Son aptas para llevar de viaje e ideales para llevar en la billetera o en la cosmetiquera.<\/p>\n<p>Esta linda limita est\u00e1 elaborada en cristal y te puede durar toooda la vida.<br \/>\nEvitar\u00e1s comprar constantemente limas desechables y tu bolsillo te lo va a agradecer. Adem\u00e1s, contribuir\u00e1s al cuidado del medio ambiente evitando el uso de productos poco duraderos.<\/p>\n<ul>\n<li>No se desgastan y cuentan con una superficie con puntas lijantes uniformes y regulares.<\/li>\n<li>Proporcionan un limado fino, delicado y uniforme, evitando que las u\u00f1as se quiebren y se desflequen.<\/li>\n<li>Son higi\u00e9nicas, no porosas, lavables y aptas para ser esterilizados. No est\u00e1n sujetos a corrosi\u00f3n y son alerg\u00e9nicos.<\/li>\n<li>Ideales para u\u00f1as naturales y son muy \u00fatiles en tratamientos para suavizar endurecimientos de la piel.<\/li>\n<\/ul>\n<p><strong>Medidas:<\/strong> Alto 4 cm, ancho 1 cm.<\/p>\n<p><span class=\"selectable-text copyable-text\">El color que se te enviar\u00e1 ser\u00e1 sorpresa, pero en todo caso es hermoso! Si tienes alguna preferencia d\u00e9janos una observaci\u00f3n y si tenemos el color disponible te lo enviaremos.<\/span><\/p>\n","protected":false},"excerpt":{"rendered":"<p>Son aptas para llevar de viaje e ideales para llevar en la billetera o en la cosmetiquera. Esta linda limita est\u00e1 elaborada en cristal y te puede durar toooda la vida. Evitar\u00e1s comprar constantemente limas desechables y tu bolsillo te lo va a agradecer. Adem\u00e1s, contribuir\u00e1s al cuidado del medio ambiente evitando el uso de [&hellip;]<\/p>\n","protected":false},"featured_media":1752,"comment_status":"open","ping_status":"closed","template":"","meta":{"_joinchat":[]},"product_cat":[30,24],"product_tag":[277,60,49,50,63,108],"jetpack_sharing_enabled":true,"_links":{"self":[{"href":"https:\/\/pacuidarte.com\/index.php\/wp-json\/wp\/v2\/product\/1749"}],"collection":[{"href":"https:\/\/pacuidarte.com\/index.php\/wp-json\/wp\/v2\/product"}],"about":[{"href":"https:\/\/pacuidarte.com\/index.php\/wp-json\/wp\/v2\/types\/product"}],"replies":[{"embeddable":true,"href":"https:\/\/pacuidarte.com\/index.php\/wp-json\/wp\/v2\/comments?post=1749"}],"wp:featuredmedia":[{"embeddable":true,"href":"https:\/\/pacuidarte.com\/index.php\/wp-json\/wp\/v2\/media\/1752"}],"wp:attachment":[{"href":"https:\/\/pacuidarte.com\/index.php\/wp-json\/wp\/v2\/media?parent=1749"}],"wp:term":[{"taxonomy":"product_cat","embeddable":true,"href":"https:\/\/pacuidarte.com\/index.php\/wp-json\/wp\/v2\/product_cat?post=1749"},{"taxonomy":"product_tag","embeddable":true,"href":"https:\/\/pacuidarte.com\/index.php\/wp-json\/wp\/v2\/product_tag?post=1749"}],"curies":[{"name":"wp","href":"https:\/\/api.w.org\/{rel}","templated":true}]}}