{"id":1690,"date":"2024-08-02T20:17:33","date_gmt":"2024-08-03T01:17:33","guid":{"rendered":"https:\/\/pacuidarte.com\/?post_type=product&#038;p=1690"},"modified":"2024-08-02T20:17:33","modified_gmt":"2024-08-03T01:17:33","slug":"jabon-multiusos","status":"publish","type":"product","link":"https:\/\/pacuidarte.com\/index.php\/producto\/jabon-multiusos\/","title":{"rendered":"Jab\u00f3n multiusos"},"content":{"rendered":"<p>Es maravilloso jab\u00f3n elaborado con el aceite reciclado que se evita llegue a nuestras aguas, podr\u00e1s lavar tus platos, tu ropa y hasta tu trapero para que el piso quede reluciente.<\/p>\n","protected":false},"excerpt":{"rendered":"<p>Es maravilloso jab\u00f3n elaborado con el aceite reciclado que se evita llegue a nuestras aguas, podr\u00e1s lavar tus platos, tu ropa y hasta tu trapero para que el piso quede reluciente.<\/p>\n","protected":false},"featured_media":0,"comment_status":"open","ping_status":"closed","template":"","meta":{"_joinchat":[]},"product_cat":[17,31],"product_tag":[],"jetpack_sharing_enabled":true,"_links":{"self":[{"href":"https:\/\/pacuidarte.com\/index.php\/wp-json\/wp\/v2\/product\/1690"}],"collection":[{"href":"https:\/\/pacuidarte.com\/index.php\/wp-json\/wp\/v2\/product"}],"about":[{"href":"https:\/\/pacuidarte.com\/index.php\/wp-json\/wp\/v2\/types\/product"}],"replies":[{"embeddable":true,"href":"https:\/\/pacuidarte.com\/index.php\/wp-json\/wp\/v2\/comments?post=1690"}],"wp:attachment":[{"href":"https:\/\/pacuidarte.com\/index.php\/wp-json\/wp\/v2\/media?parent=1690"}],"wp:term":[{"taxonomy":"product_cat","embeddable":true,"href":"https:\/\/pacuidarte.com\/index.php\/wp-json\/wp\/v2\/product_cat?post=1690"},{"taxonomy":"product_tag","embeddable":true,"href":"https:\/\/pacuidarte.com\/index.php\/wp-json\/wp\/v2\/product_tag?post=1690"}],"curies":[{"name":"wp","href":"https:\/\/api.w.org\/{rel}","templated":true}]}}