{"id":1570,"date":"2024-05-12T16:14:43","date_gmt":"2024-05-12T21:14:43","guid":{"rendered":"https:\/\/pacuidarte.com\/?post_type=product&#038;p=1570"},"modified":"2025-03-08T19:48:18","modified_gmt":"2025-03-09T00:48:18","slug":"tonico-capilar-de-cebolla","status":"publish","type":"product","link":"https:\/\/pacuidarte.com\/index.php\/producto\/tonico-capilar-de-cebolla\/","title":{"rendered":"T\u00f3nico capilar de cebolla"},"content":{"rendered":"<p><strong>Nuevo t\u00f3nico hair grows de cebolla, jengibre y bi\u00f3tina<\/strong><\/p>\n<p>Estimula el crecimiento de tu cabello y detiene la ca\u00edda.<\/p>\n<p>Un cabello 10 veces m\u00e1s largo y libre de ca\u00edda en poco tiempo. Engrosa la fibra capilar y evita el envejecimiento prematuro del fol\u00edculo y la fibra capilar.<br \/>\nComo resultado un cabello m\u00e1s fuerte, m\u00e1s largo y m\u00e1s sano.<\/p>\n","protected":false},"excerpt":{"rendered":"<p>Nuevo t\u00f3nico hair grows de cebolla, jengibre y bi\u00f3tina Estimula el crecimiento de tu cabello y detiene la ca\u00edda. Un cabello 10 veces m\u00e1s largo y libre de ca\u00edda en poco tiempo. Engrosa la fibra capilar y evita el envejecimiento prematuro del fol\u00edculo y la fibra capilar. Como resultado un cabello m\u00e1s fuerte, m\u00e1s largo [&hellip;]<\/p>\n","protected":false},"featured_media":1571,"comment_status":"open","ping_status":"closed","template":"","meta":{"_joinchat":[]},"product_cat":[16],"product_tag":[],"jetpack_sharing_enabled":true,"_links":{"self":[{"href":"https:\/\/pacuidarte.com\/index.php\/wp-json\/wp\/v2\/product\/1570"}],"collection":[{"href":"https:\/\/pacuidarte.com\/index.php\/wp-json\/wp\/v2\/product"}],"about":[{"href":"https:\/\/pacuidarte.com\/index.php\/wp-json\/wp\/v2\/types\/product"}],"replies":[{"embeddable":true,"href":"https:\/\/pacuidarte.com\/index.php\/wp-json\/wp\/v2\/comments?post=1570"}],"wp:featuredmedia":[{"embeddable":true,"href":"https:\/\/pacuidarte.com\/index.php\/wp-json\/wp\/v2\/media\/1571"}],"wp:attachment":[{"href":"https:\/\/pacuidarte.com\/index.php\/wp-json\/wp\/v2\/media?parent=1570"}],"wp:term":[{"taxonomy":"product_cat","embeddable":true,"href":"https:\/\/pacuidarte.com\/index.php\/wp-json\/wp\/v2\/product_cat?post=1570"},{"taxonomy":"product_tag","embeddable":true,"href":"https:\/\/pacuidarte.com\/index.php\/wp-json\/wp\/v2\/product_tag?post=1570"}],"curies":[{"name":"wp","href":"https:\/\/api.w.org\/{rel}","templated":true}]}}