{"id":1568,"date":"2024-05-01T20:52:35","date_gmt":"2024-05-02T01:52:35","guid":{"rendered":"https:\/\/pacuidarte.com\/?post_type=product&#038;p=1568"},"modified":"2024-09-29T13:43:15","modified_gmt":"2024-09-29T18:43:15","slug":"jabon-masajeador","status":"publish","type":"product","link":"https:\/\/pacuidarte.com\/index.php\/producto\/jabon-masajeador\/","title":{"rendered":"Jab\u00f3n masajeador"},"content":{"rendered":"<p>Con este jab\u00f3n podr\u00e1s hacer del ba\u00f1o un ritual para darte amor mientras te duchas y le sacas el m\u00e1ximo provecho a cada uno de sus nutrientes.<\/p>\n","protected":false},"excerpt":{"rendered":"<p>Con este jab\u00f3n podr\u00e1s hacer del ba\u00f1o un ritual para darte amor mientras te duchas y le sacas el m\u00e1ximo provecho a cada uno de sus nutrientes.<\/p>\n","protected":false},"featured_media":1972,"comment_status":"open","ping_status":"closed","template":"","meta":{"_joinchat":[]},"product_cat":[20,17],"product_tag":[],"jetpack_sharing_enabled":true,"_links":{"self":[{"href":"https:\/\/pacuidarte.com\/index.php\/wp-json\/wp\/v2\/product\/1568"}],"collection":[{"href":"https:\/\/pacuidarte.com\/index.php\/wp-json\/wp\/v2\/product"}],"about":[{"href":"https:\/\/pacuidarte.com\/index.php\/wp-json\/wp\/v2\/types\/product"}],"replies":[{"embeddable":true,"href":"https:\/\/pacuidarte.com\/index.php\/wp-json\/wp\/v2\/comments?post=1568"}],"wp:featuredmedia":[{"embeddable":true,"href":"https:\/\/pacuidarte.com\/index.php\/wp-json\/wp\/v2\/media\/1972"}],"wp:attachment":[{"href":"https:\/\/pacuidarte.com\/index.php\/wp-json\/wp\/v2\/media?parent=1568"}],"wp:term":[{"taxonomy":"product_cat","embeddable":true,"href":"https:\/\/pacuidarte.com\/index.php\/wp-json\/wp\/v2\/product_cat?post=1568"},{"taxonomy":"product_tag","embeddable":true,"href":"https:\/\/pacuidarte.com\/index.php\/wp-json\/wp\/v2\/product_tag?post=1568"}],"curies":[{"name":"wp","href":"https:\/\/api.w.org\/{rel}","templated":true}]}}