{"id":1528,"date":"2024-04-27T18:57:35","date_gmt":"2024-04-27T23:57:35","guid":{"rendered":"https:\/\/pacuidarte.com\/?post_type=product&#038;p=1528"},"modified":"2024-08-01T19:05:48","modified_gmt":"2024-08-02T00:05:48","slug":"set-velita-corporativo","status":"publish","type":"product","link":"https:\/\/pacuidarte.com\/index.php\/producto\/set-velita-corporativo\/","title":{"rendered":"Set velita corporativo"},"content":{"rendered":"<p>\u00a1El regalo perfecto!<\/p>\n<p>Este lindo set incluye:<\/p>\n<ul>\n<li>Una velita en forma de flor<\/li>\n<li>Bolsita de tela con mensaje<\/li>\n<li>Dulces y decoraci\u00f3n<\/li>\n<\/ul>\n<p>La velita es artesanal y arom\u00e1tica. Podr\u00e1s escoger entre los siguientes colores:<\/p>\n<ul>\n<li>Rosado<\/li>\n<li>Lila<\/li>\n<li>Azul<\/li>\n<li>Verde Menta<\/li>\n<li>Beige<\/li>\n<\/ul>\n","protected":false},"excerpt":{"rendered":"<p>\u00a1El regalo perfecto! Este lindo set incluye: Una velita en forma de flor Bolsita de tela con mensaje Dulces y decoraci\u00f3n La velita es artesanal y arom\u00e1tica. Podr\u00e1s escoger entre los siguientes colores: Rosado Lila Azul Verde Menta Beige<\/p>\n","protected":false},"featured_media":1529,"comment_status":"open","ping_status":"closed","template":"","meta":{"_joinchat":[]},"product_cat":[17,271],"product_tag":[270,269,272,268,266,267],"jetpack_sharing_enabled":true,"_links":{"self":[{"href":"https:\/\/pacuidarte.com\/index.php\/wp-json\/wp\/v2\/product\/1528"}],"collection":[{"href":"https:\/\/pacuidarte.com\/index.php\/wp-json\/wp\/v2\/product"}],"about":[{"href":"https:\/\/pacuidarte.com\/index.php\/wp-json\/wp\/v2\/types\/product"}],"replies":[{"embeddable":true,"href":"https:\/\/pacuidarte.com\/index.php\/wp-json\/wp\/v2\/comments?post=1528"}],"wp:featuredmedia":[{"embeddable":true,"href":"https:\/\/pacuidarte.com\/index.php\/wp-json\/wp\/v2\/media\/1529"}],"wp:attachment":[{"href":"https:\/\/pacuidarte.com\/index.php\/wp-json\/wp\/v2\/media?parent=1528"}],"wp:term":[{"taxonomy":"product_cat","embeddable":true,"href":"https:\/\/pacuidarte.com\/index.php\/wp-json\/wp\/v2\/product_cat?post=1528"},{"taxonomy":"product_tag","embeddable":true,"href":"https:\/\/pacuidarte.com\/index.php\/wp-json\/wp\/v2\/product_tag?post=1528"}],"curies":[{"name":"wp","href":"https:\/\/api.w.org\/{rel}","templated":true}]}}