{"id":1480,"date":"2024-03-29T17:22:20","date_gmt":"2024-03-29T22:22:20","guid":{"rendered":"https:\/\/pacuidarte.com\/?post_type=product&#038;p=1480"},"modified":"2025-01-25T19:09:03","modified_gmt":"2025-01-26T00:09:03","slug":"crema-de-cafe-artesanal","status":"publish","type":"product","link":"https:\/\/pacuidarte.com\/index.php\/producto\/crema-de-cafe-artesanal\/","title":{"rendered":"Crema de Caf\u00e9 artesanal"},"content":{"rendered":"<p>Deliciosa cremita de caf\u00e9 hecha de manera artesanal con productos de la regi\u00f3n.<\/p>\n","protected":false},"excerpt":{"rendered":"<p>Deliciosa cremita de caf\u00e9 hecha de manera artesanal con productos de la regi\u00f3n.<\/p>\n","protected":false},"featured_media":1975,"comment_status":"open","ping_status":"closed","template":"","meta":{"_joinchat":[]},"product_cat":[17,24],"product_tag":[],"jetpack_sharing_enabled":true,"_links":{"self":[{"href":"https:\/\/pacuidarte.com\/index.php\/wp-json\/wp\/v2\/product\/1480"}],"collection":[{"href":"https:\/\/pacuidarte.com\/index.php\/wp-json\/wp\/v2\/product"}],"about":[{"href":"https:\/\/pacuidarte.com\/index.php\/wp-json\/wp\/v2\/types\/product"}],"replies":[{"embeddable":true,"href":"https:\/\/pacuidarte.com\/index.php\/wp-json\/wp\/v2\/comments?post=1480"}],"wp:featuredmedia":[{"embeddable":true,"href":"https:\/\/pacuidarte.com\/index.php\/wp-json\/wp\/v2\/media\/1975"}],"wp:attachment":[{"href":"https:\/\/pacuidarte.com\/index.php\/wp-json\/wp\/v2\/media?parent=1480"}],"wp:term":[{"taxonomy":"product_cat","embeddable":true,"href":"https:\/\/pacuidarte.com\/index.php\/wp-json\/wp\/v2\/product_cat?post=1480"},{"taxonomy":"product_tag","embeddable":true,"href":"https:\/\/pacuidarte.com\/index.php\/wp-json\/wp\/v2\/product_tag?post=1480"}],"curies":[{"name":"wp","href":"https:\/\/api.w.org\/{rel}","templated":true}]}}