{"id":1436,"date":"2024-03-11T10:38:33","date_gmt":"2024-03-11T15:38:33","guid":{"rendered":"https:\/\/pacuidarte.com\/?post_type=product&#038;p=1436"},"modified":"2024-10-23T17:07:03","modified_gmt":"2024-10-23T22:07:03","slug":"termo-plegable-75-ml","status":"publish","type":"product","link":"https:\/\/pacuidarte.com\/index.php\/producto\/termo-plegable-75-ml\/","title":{"rendered":"Termo plegable 700 ml"},"content":{"rendered":"<p>A partir de hoy podr\u00e1s ir a donde sea, sin preocuparte d\u00f3nde vas a empacar tu hidrataci\u00f3n.<\/p>\n<p>Con esta pr\u00e1ctica soluci\u00f3n podr\u00e1s llevar tu l\u00edquido a cualquier lugar sin preocupaciones.<\/p>\n<p>Ingiere tu bebida y al finalizarla\u00a0dobla tu botella para liberar tus manos.<\/p>\n<p><strong>CARACTER\u00cdSTICAS:<\/strong><\/p>\n<ul>\n<li>Este hermoso termo, te incluye un mosquet\u00f3n para que lo asegures a cualquier jean \/bolso y no lo pierdas de vista f\u00e1cilmente.<\/li>\n<li>Capacidad 700 ml.<\/li>\n<li>Plegado, podr\u00e1s llevarlo f\u00e1cilmente en cualquier bolsillo o bolso peque\u00f1o.<\/li>\n<li>Es seguro e higi\u00e9nico, hecho de silicona de grado alimenticio y con una tapa en acero inoxidable.<\/li>\n<li>Posee rayas antideslizantes que le permitan disfrutar de un agarre seguro y confortable. Adem\u00e1s, es liviana y puedes ajustar su tama\u00f1o y ahorrar espacio.<\/li>\n<\/ul>\n<p><strong>ESPECIFICACIONES:<\/strong><\/p>\n<ul>\n<li>Material: Silicona + Acero Inoxidable.<\/li>\n<li>Libre de BPA.<\/li>\n<li>Capacidad: 700ML.<\/li>\n<li>Dimensiones:<\/li>\n<li>Plegado: 7,5cm x 8cm x 8cm.<\/li>\n<li>Desplegado: 23cm x 6cm (di\u00e1metro).<\/li>\n<li>Peso: 148 gr.<\/li>\n<\/ul>\n<p><strong>INCLUYE:<\/strong><\/p>\n<ul>\n<li>1 Botella plegable de Silicona.<\/li>\n<li>1 Mosquet\u00f3n.<\/li>\n<\/ul>\n","protected":false},"excerpt":{"rendered":"<p>A partir de hoy podr\u00e1s ir a donde sea, sin preocuparte d\u00f3nde vas a empacar tu hidrataci\u00f3n. Con esta pr\u00e1ctica soluci\u00f3n podr\u00e1s llevar tu l\u00edquido a cualquier lugar sin preocupaciones. Ingiere tu bebida y al finalizarla\u00a0dobla tu botella para liberar tus manos. CARACTER\u00cdSTICAS: Este hermoso termo, te incluye un mosquet\u00f3n para que lo asegures a [&hellip;]<\/p>\n","protected":false},"featured_media":1981,"comment_status":"open","ping_status":"closed","template":"","meta":{"_joinchat":[]},"product_cat":[17,24,31],"product_tag":[],"jetpack_sharing_enabled":true,"_links":{"self":[{"href":"https:\/\/pacuidarte.com\/index.php\/wp-json\/wp\/v2\/product\/1436"}],"collection":[{"href":"https:\/\/pacuidarte.com\/index.php\/wp-json\/wp\/v2\/product"}],"about":[{"href":"https:\/\/pacuidarte.com\/index.php\/wp-json\/wp\/v2\/types\/product"}],"replies":[{"embeddable":true,"href":"https:\/\/pacuidarte.com\/index.php\/wp-json\/wp\/v2\/comments?post=1436"}],"wp:featuredmedia":[{"embeddable":true,"href":"https:\/\/pacuidarte.com\/index.php\/wp-json\/wp\/v2\/media\/1981"}],"wp:attachment":[{"href":"https:\/\/pacuidarte.com\/index.php\/wp-json\/wp\/v2\/media?parent=1436"}],"wp:term":[{"taxonomy":"product_cat","embeddable":true,"href":"https:\/\/pacuidarte.com\/index.php\/wp-json\/wp\/v2\/product_cat?post=1436"},{"taxonomy":"product_tag","embeddable":true,"href":"https:\/\/pacuidarte.com\/index.php\/wp-json\/wp\/v2\/product_tag?post=1436"}],"curies":[{"name":"wp","href":"https:\/\/api.w.org\/{rel}","templated":true}]}}