{"id":1430,"date":"2024-03-05T13:06:31","date_gmt":"2024-03-05T18:06:31","guid":{"rendered":"https:\/\/pacuidarte.com\/?post_type=product&#038;p=1430"},"modified":"2025-03-30T19:07:02","modified_gmt":"2025-03-31T00:07:02","slug":"pasta-dental-en-pastillas","status":"publish","type":"product","link":"https:\/\/pacuidarte.com\/index.php\/producto\/pasta-dental-en-pastillas\/","title":{"rendered":"Pasta dental en pastillas"},"content":{"rendered":"<p>Estas pastillas son el pr\u00f3ximo paso hacia una vida con cero residuos. La arcilla blanca y el carbonato de calcio tienen propiedades purificadoras y limpiadoras que respetan el esmalte de tus dientes. El aceite de coco ayuda a reducir la placa dental. Y<span class=\"Apple-converted-space\">\u00a0\u00a0<\/span>las gotas de menta piperita te dejar\u00e1n una sensaci\u00f3n de frescura.<\/p>\n<p>Contiene 120 pastillas<\/p>\n<p>Todos los ingredientes son de origen natural.<\/p>\n<p><b>MODO DE USO:<\/b> Toma una pastilla y m\u00e9tela en tu boca y sabor\u00e9ala como si fuera un dulce. Ella empezar\u00e1 a hacer espuma.<\/p>\n<p><b>PRECAUCIONES DE USO:<\/b>\u00a0No apto para mujeres embarazadas y ni\u00f1os menores de 6 a\u00f1os.<\/p>\n<p class=\"p2\">Carbonato de calcio, Tensioactivo de coco (SCI), Aceite de coco, \u00c1cido este\u00e1rico (componente interno de aceites vegetales), Aceite esencial de menta piperita, Estevia.<\/p>\n<p class=\"p2\"><b>LISTA INCI:\u00a0<\/b><em>Calcium Carbonate, Cocos Nucifera Oil, Stearic Acid, Sodium Cocoyl-Isethionate, Caolin, Mentha Piperita Oil, Stevia.\u00a0<\/em><\/p>\n","protected":false},"excerpt":{"rendered":"<p>Estas pastillas son el pr\u00f3ximo paso hacia una vida con cero residuos. La arcilla blanca y el carbonato de calcio tienen propiedades purificadoras y limpiadoras que respetan el esmalte de tus dientes. El aceite de coco ayuda a reducir la placa dental. Y\u00a0\u00a0las gotas de menta piperita te dejar\u00e1n una sensaci\u00f3n de frescura. Contiene 120 [&hellip;]<\/p>\n","protected":false},"featured_media":1431,"comment_status":"open","ping_status":"closed","template":"","meta":{"_joinchat":[]},"product_cat":[21],"product_tag":[260,262,261,259,83],"jetpack_sharing_enabled":true,"_links":{"self":[{"href":"https:\/\/pacuidarte.com\/index.php\/wp-json\/wp\/v2\/product\/1430"}],"collection":[{"href":"https:\/\/pacuidarte.com\/index.php\/wp-json\/wp\/v2\/product"}],"about":[{"href":"https:\/\/pacuidarte.com\/index.php\/wp-json\/wp\/v2\/types\/product"}],"replies":[{"embeddable":true,"href":"https:\/\/pacuidarte.com\/index.php\/wp-json\/wp\/v2\/comments?post=1430"}],"wp:featuredmedia":[{"embeddable":true,"href":"https:\/\/pacuidarte.com\/index.php\/wp-json\/wp\/v2\/media\/1431"}],"wp:attachment":[{"href":"https:\/\/pacuidarte.com\/index.php\/wp-json\/wp\/v2\/media?parent=1430"}],"wp:term":[{"taxonomy":"product_cat","embeddable":true,"href":"https:\/\/pacuidarte.com\/index.php\/wp-json\/wp\/v2\/product_cat?post=1430"},{"taxonomy":"product_tag","embeddable":true,"href":"https:\/\/pacuidarte.com\/index.php\/wp-json\/wp\/v2\/product_tag?post=1430"}],"curies":[{"name":"wp","href":"https:\/\/api.w.org\/{rel}","templated":true}]}}