{"id":1397,"date":"2024-02-22T16:39:40","date_gmt":"2024-02-22T21:39:40","guid":{"rendered":"https:\/\/pacuidarte.com\/?post_type=product&#038;p=1397"},"modified":"2025-03-09T15:20:15","modified_gmt":"2025-03-09T20:20:15","slug":"desodorante-para-hombre-te-verde","status":"publish","type":"product","link":"https:\/\/pacuidarte.com\/index.php\/producto\/desodorante-para-hombre-te-verde\/","title":{"rendered":"Desodorante para hombre T\u00e9 verde"},"content":{"rendered":"<p>El desodorante natural est\u00e1 elaborado con extractos bot\u00e1nicos y el mineral de alumbre, ingredientes naturales con propiedades desodorizantes que protegen eficazmente de los malos olores de forma m\u00e1s natural, asegurando hidrataci\u00f3n y m\u00e1ximo cuidado de la piel.<\/p>\n<p><strong>Ingredientes principales:<\/strong><\/p>\n<ul>\n<li>Salvia.<\/li>\n<li>Cal\u00e9ndula.<\/li>\n<li>Manzanilla.<\/li>\n<li>Lavanda.<\/li>\n<li>Piedra Lumbre.<\/li>\n<\/ul>\n<p><strong>\u00bfC\u00f3mo se usa?<\/strong><\/p>\n<p>Aplicar una fina capa sobre la piel limpia y seca. Puede aplicar varias veces durante el d\u00eda, si lo requieres.<\/p>\n<p><strong>Nuestros productos:<\/strong><\/p>\n<ul>\n<li>No contaminan el agua.<\/li>\n<li>Son 100% biodegradables.<\/li>\n<li>Agroecol\u00f3gico.<\/li>\n<li>Naturales.<\/li>\n<li>No contienen parabenos.<\/li>\n<li>No son testados en animales.<\/li>\n<\/ul>\n","protected":false},"excerpt":{"rendered":"<p>El desodorante natural est\u00e1 elaborado con extractos bot\u00e1nicos y el mineral de alumbre, ingredientes naturales con propiedades desodorizantes que protegen eficazmente de los malos olores de forma m\u00e1s natural, asegurando hidrataci\u00f3n y m\u00e1ximo cuidado de la piel. Ingredientes principales: Salvia. Cal\u00e9ndula. Manzanilla. Lavanda. Piedra Lumbre. \u00bfC\u00f3mo se usa? Aplicar una fina capa sobre la piel [&hellip;]<\/p>\n","protected":false},"featured_media":1399,"comment_status":"open","ping_status":"closed","template":"","meta":{"_joinchat":[]},"product_cat":[20,24],"product_tag":[],"jetpack_sharing_enabled":true,"_links":{"self":[{"href":"https:\/\/pacuidarte.com\/index.php\/wp-json\/wp\/v2\/product\/1397"}],"collection":[{"href":"https:\/\/pacuidarte.com\/index.php\/wp-json\/wp\/v2\/product"}],"about":[{"href":"https:\/\/pacuidarte.com\/index.php\/wp-json\/wp\/v2\/types\/product"}],"replies":[{"embeddable":true,"href":"https:\/\/pacuidarte.com\/index.php\/wp-json\/wp\/v2\/comments?post=1397"}],"wp:featuredmedia":[{"embeddable":true,"href":"https:\/\/pacuidarte.com\/index.php\/wp-json\/wp\/v2\/media\/1399"}],"wp:attachment":[{"href":"https:\/\/pacuidarte.com\/index.php\/wp-json\/wp\/v2\/media?parent=1397"}],"wp:term":[{"taxonomy":"product_cat","embeddable":true,"href":"https:\/\/pacuidarte.com\/index.php\/wp-json\/wp\/v2\/product_cat?post=1397"},{"taxonomy":"product_tag","embeddable":true,"href":"https:\/\/pacuidarte.com\/index.php\/wp-json\/wp\/v2\/product_tag?post=1397"}],"curies":[{"name":"wp","href":"https:\/\/api.w.org\/{rel}","templated":true}]}}