{"id":1381,"date":"2024-02-14T19:19:52","date_gmt":"2024-02-15T00:19:52","guid":{"rendered":"https:\/\/pacuidarte.com\/?post_type=product&#038;p=1381"},"modified":"2025-11-22T17:58:50","modified_gmt":"2025-11-22T22:58:50","slug":"kit-facial-amor-propio-antienvejecimiento","status":"publish","type":"product","link":"https:\/\/pacuidarte.com\/index.php\/producto\/kit-facial-amor-propio-antienvejecimiento\/","title":{"rendered":"Kit facial amor propio (antienvejecimiento)"},"content":{"rendered":"<p>Este Kit contiene:<\/p>\n<ul>\n<li>1 Serum hidratante antiedad 10 ml<\/li>\n<li>1 T\u00f3nico herbal 50 ml<\/li>\n<\/ul>\n<p><strong>Propiedades:<\/strong><\/p>\n<p><em><strong>Serum hidratante antienvejecimiento:\u00a0<\/strong><\/em>Contiene extractos como el Aloe Vera, Ginkgo Biloba y hojas de t\u00e9, e ingredientes naturales que hidratan profundamente, activan la producci\u00f3n de col\u00e1geno de la piel y son ideales para el contorno de ojos.<\/p>\n<p><em><strong>T\u00f3nico herbal:\u00a0<\/strong><\/em>Este T\u00f3nico restablece el pH de la piel y su equilibrio natural, purifica los poros y prepara la piel para recibir los tratamientos posteriores. Tiene alto contenido de calendula, Aloe Vera, Manzanilla y menta en agua de rosas.<\/p>\n<p><strong>Modo de uso:\u00a0<\/strong><\/p>\n<p><em><strong>En el d\u00eda:<\/strong><\/em><\/p>\n<p>1.\u00a0Lavar el rostro.<em><strong><br \/>\n2.\u00a0<\/strong><\/em>Aplicar 2 \u00f3 3 splash de t\u00f3nico en la yema de tus dedos y esparce por rostro y cuello\u00a0 dando suaves toquecitos.<em><strong><br \/>\n3.\u00a0<\/strong><\/em>Aplicar 2 \u00f3 3 gotas del serum hidratante antienvejecimiento y esparce por rostro y cuello.<\/p>\n<p>Finaliza con tu bloqueador solar.<\/p>\n<p>Recuerda que nuestros productos son libres de colorantes, aromas artificiales (ideal para el contorno de los ojos y cuidar de esta delicada zona), derivados del petr\u00f3leo, siliconas, parabenos y libres de crueldad animal.<\/p>\n<p>\u00a1Amor por tu piel y por el planeta!<\/p>\n","protected":false},"excerpt":{"rendered":"<p>Este Kit contiene: 1 Serum hidratante antiedad 10 ml 1 T\u00f3nico herbal 50 ml Propiedades: Serum hidratante antienvejecimiento:\u00a0Contiene extractos como el Aloe Vera, Ginkgo Biloba y hojas de t\u00e9, e ingredientes naturales que hidratan profundamente, activan la producci\u00f3n de col\u00e1geno de la piel y son ideales para el contorno de ojos. T\u00f3nico herbal:\u00a0Este T\u00f3nico restablece [&hellip;]<\/p>\n","protected":false},"featured_media":1384,"comment_status":"open","ping_status":"closed","template":"","meta":{"_joinchat":[]},"product_cat":[18],"product_tag":[254,253,258,57,255,257,247,252,256,138],"jetpack_sharing_enabled":true,"_links":{"self":[{"href":"https:\/\/pacuidarte.com\/index.php\/wp-json\/wp\/v2\/product\/1381"}],"collection":[{"href":"https:\/\/pacuidarte.com\/index.php\/wp-json\/wp\/v2\/product"}],"about":[{"href":"https:\/\/pacuidarte.com\/index.php\/wp-json\/wp\/v2\/types\/product"}],"replies":[{"embeddable":true,"href":"https:\/\/pacuidarte.com\/index.php\/wp-json\/wp\/v2\/comments?post=1381"}],"wp:featuredmedia":[{"embeddable":true,"href":"https:\/\/pacuidarte.com\/index.php\/wp-json\/wp\/v2\/media\/1384"}],"wp:attachment":[{"href":"https:\/\/pacuidarte.com\/index.php\/wp-json\/wp\/v2\/media?parent=1381"}],"wp:term":[{"taxonomy":"product_cat","embeddable":true,"href":"https:\/\/pacuidarte.com\/index.php\/wp-json\/wp\/v2\/product_cat?post=1381"},{"taxonomy":"product_tag","embeddable":true,"href":"https:\/\/pacuidarte.com\/index.php\/wp-json\/wp\/v2\/product_tag?post=1381"}],"curies":[{"name":"wp","href":"https:\/\/api.w.org\/{rel}","templated":true}]}}