{"id":1375,"date":"2024-02-14T18:35:08","date_gmt":"2024-02-14T23:35:08","guid":{"rendered":"https:\/\/pacuidarte.com\/?post_type=product&#038;p=1375"},"modified":"2025-06-15T18:03:16","modified_gmt":"2025-06-15T23:03:16","slug":"aceite-de-canamo","status":"publish","type":"product","link":"https:\/\/pacuidarte.com\/index.php\/producto\/aceite-de-canamo\/","title":{"rendered":"Aceite de c\u00e1\u00f1amo"},"content":{"rendered":"<p align=\"JUSTIFY\">El Aceite de\u00a0C\u00e1\u00f1amo es un producto natural.<\/p>\n<p align=\"JUSTIFY\">Es uno de los\u00a0aceites m\u00e1s <strong>nutritivos\u00a0<\/strong>que existe, ya que es extra\u00eddo a partir de las semillas de la planta del c\u00e1\u00f1amo, \u00e9stas concentran una gran cantidad de nutrientes, amino\u00e1cidos, omega 3,<strong>\u00a0<\/strong>\u00e1cidos grasos esenciales y\u00a0 vitamina E.<\/p>\n<p><strong>Es ligero, de f\u00e1cil absorci\u00f3n y no\u00a0obstruye los poros<\/strong>. Act\u00faa como un\u00a0antioxidante natural, ayudando a tensar, regenerar e hidratar la piel; d\u00e1ndole\u00a0un aspecto sano y con vitalidad.<\/p>\n<p><strong>USOS:<\/strong><\/p>\n<ul>\n<li>Desmaquillante,\u00a0aplica unas gotas en todo tu rostro y masajea para retirar el maquillaje. Con agua templada o un algod\u00f3n mojado en t\u00f3nico, elimina los restos<\/li>\n<li>Hidrata y rejuvenece.<\/li>\n<li>Suaviza\u00a0las arrugas y l\u00edneas de expresi\u00f3n debido a que ayuda a\u00a0regenerar y oxigenar las c\u00e9lulas.<\/li>\n<li>Tiene un efecto calmante.<\/li>\n<li>Tiene efecto antiinflamatorio en la piel.<\/li>\n<li>Reduce el acn\u00e9,\u00a0ya que\u00a0consigue que la producci\u00f3n de grasa de las gl\u00e1ndulas seb\u00e1ceas sea m\u00ednima.<\/li>\n<\/ul>\n<p>Contenido: 50 ml<\/p>\n","protected":false},"excerpt":{"rendered":"<p>El Aceite de\u00a0C\u00e1\u00f1amo es un producto natural. Es uno de los\u00a0aceites m\u00e1s nutritivos\u00a0que existe, ya que es extra\u00eddo a partir de las semillas de la planta del c\u00e1\u00f1amo, \u00e9stas concentran una gran cantidad de nutrientes, amino\u00e1cidos, omega 3,\u00a0\u00e1cidos grasos esenciales y\u00a0 vitamina E. Es ligero, de f\u00e1cil absorci\u00f3n y no\u00a0obstruye los poros. Act\u00faa como un\u00a0antioxidante [&hellip;]<\/p>\n","protected":false},"featured_media":1376,"comment_status":"open","ping_status":"closed","template":"","meta":{"_joinchat":[]},"product_cat":[18,27],"product_tag":[232,248,58,245,174,139,247,167,246],"jetpack_sharing_enabled":true,"_links":{"self":[{"href":"https:\/\/pacuidarte.com\/index.php\/wp-json\/wp\/v2\/product\/1375"}],"collection":[{"href":"https:\/\/pacuidarte.com\/index.php\/wp-json\/wp\/v2\/product"}],"about":[{"href":"https:\/\/pacuidarte.com\/index.php\/wp-json\/wp\/v2\/types\/product"}],"replies":[{"embeddable":true,"href":"https:\/\/pacuidarte.com\/index.php\/wp-json\/wp\/v2\/comments?post=1375"}],"wp:featuredmedia":[{"embeddable":true,"href":"https:\/\/pacuidarte.com\/index.php\/wp-json\/wp\/v2\/media\/1376"}],"wp:attachment":[{"href":"https:\/\/pacuidarte.com\/index.php\/wp-json\/wp\/v2\/media?parent=1375"}],"wp:term":[{"taxonomy":"product_cat","embeddable":true,"href":"https:\/\/pacuidarte.com\/index.php\/wp-json\/wp\/v2\/product_cat?post=1375"},{"taxonomy":"product_tag","embeddable":true,"href":"https:\/\/pacuidarte.com\/index.php\/wp-json\/wp\/v2\/product_tag?post=1375"}],"curies":[{"name":"wp","href":"https:\/\/api.w.org\/{rel}","templated":true}]}}