{"id":1259,"date":"2023-12-25T18:28:07","date_gmt":"2023-12-25T23:28:07","guid":{"rendered":"https:\/\/pacuidarte.com\/?post_type=product&#038;p=1259"},"modified":"2025-06-15T17:14:11","modified_gmt":"2025-06-15T22:14:11","slug":"mini-shampoo-anticaspa","status":"publish","type":"product","link":"https:\/\/pacuidarte.com\/index.php\/producto\/mini-shampoo-anticaspa\/","title":{"rendered":"Mini shampoo anticaspa"},"content":{"rendered":"<p>Esta mini versi\u00f3n fue dise\u00f1ada para aquellas personas que quieren probar nuestro producto y para quienes son unas almas viajeras, para que as\u00ed puedan seguir cuidando sus cabellos mientras recorren el mundo.<\/p>\n<p>Este shampoo anticaspa fue desarollado con ingredientes naturales y medicados para eliminar de forma segura y eficaz la\u00a0<strong>caspa y resequedad del cuero\u00a0<\/strong>cabelludo. A su vez, hidrata, acondiciona y estimula el crecimiento del cabello.<\/p>\n<p>Con aceite de \u00c1rbol de T\u00e9, extracto de Aloe Vera y Pritionato de Zinc limpia y protege previniendo la resequedad.<\/p>\n<p><strong>Shampoo libre de sales y parabenos.<\/strong><\/p>\n<p><strong>Contenido:\u00a0<\/strong>60 ml<\/p>\n","protected":false},"excerpt":{"rendered":"<p>Esta mini versi\u00f3n fue dise\u00f1ada para aquellas personas que quieren probar nuestro producto y para quienes son unas almas viajeras, para que as\u00ed puedan seguir cuidando sus cabellos mientras recorren el mundo. Este shampoo anticaspa fue desarollado con ingredientes naturales y medicados para eliminar de forma segura y eficaz la\u00a0caspa y resequedad del cuero\u00a0cabelludo. A [&hellip;]<\/p>\n","protected":false},"featured_media":1260,"comment_status":"open","ping_status":"closed","template":"","meta":{"_joinchat":[]},"product_cat":[16,24],"product_tag":[243,137,75,136,244],"jetpack_sharing_enabled":true,"_links":{"self":[{"href":"https:\/\/pacuidarte.com\/index.php\/wp-json\/wp\/v2\/product\/1259"}],"collection":[{"href":"https:\/\/pacuidarte.com\/index.php\/wp-json\/wp\/v2\/product"}],"about":[{"href":"https:\/\/pacuidarte.com\/index.php\/wp-json\/wp\/v2\/types\/product"}],"replies":[{"embeddable":true,"href":"https:\/\/pacuidarte.com\/index.php\/wp-json\/wp\/v2\/comments?post=1259"}],"wp:featuredmedia":[{"embeddable":true,"href":"https:\/\/pacuidarte.com\/index.php\/wp-json\/wp\/v2\/media\/1260"}],"wp:attachment":[{"href":"https:\/\/pacuidarte.com\/index.php\/wp-json\/wp\/v2\/media?parent=1259"}],"wp:term":[{"taxonomy":"product_cat","embeddable":true,"href":"https:\/\/pacuidarte.com\/index.php\/wp-json\/wp\/v2\/product_cat?post=1259"},{"taxonomy":"product_tag","embeddable":true,"href":"https:\/\/pacuidarte.com\/index.php\/wp-json\/wp\/v2\/product_tag?post=1259"}],"curies":[{"name":"wp","href":"https:\/\/api.w.org\/{rel}","templated":true}]}}